{"id":721143,"date":"2024-10-15T18:18:48","date_gmt":"2024-10-15T16:18:48","guid":{"rendered":"https:\/\/streetmarkets.fr\/app\/produit\/compania-fantastica-maillot-de-bain-imprime-decollete-droit-yuzu-beach\/"},"modified":"2024-10-15T18:19:19","modified_gmt":"2024-10-15T16:19:19","slug":"compania-fantastica-maillot-de-bain-imprime-decollete-droit-yuzu-beach","status":"publish","type":"product","link":"https:\/\/streetmarkets.fr\/app\/produit\/compania-fantastica-maillot-de-bain-imprime-decollete-droit-yuzu-beach\/","title":{"rendered":"COMPANIA FANTASTICA &#8211; Maillot de bain imprim\u00e9 d\u00e9collet\u00e9 droit Yuzu Beach"},"content":{"rendered":"<p>Maillot de bain imprim\u00e9 Yuzu Beach. Avec une encolure droite et de fines bretelles r\u00e9glables. Bonnets sans armatures l\u00e9g\u00e8rement rembourr\u00e9s. Lombes. Doublure int\u00e9rieure.<\/p>\n<p>COMPOSITION : 80% Polyamide 20% \u00c9lasthanne.<\/p>\n","protected":false},"excerpt":{"rendered":"<p>Maillot de bain imprim\u00e9 Yuzu Beach. Avec une encolure droite et de fines bretelles r\u00e9glables. Bonnets sans armatures l\u00e9g\u00e8rement rembourr\u00e9s. Lombes. Doublure int\u00e9rieure. COMPOSITION : 80% Polyamide 20% \u00c9lasthanne.<\/p>\n","protected":false},"featured_media":721144,"comment_status":"open","ping_status":"closed","template":"","meta":[],"product_brand":[],"product_cat":[1756,1758],"product_tag":[],"acf":[],"_links":{"self":[{"href":"https:\/\/streetmarkets.fr\/app\/wp-json\/wp\/v2\/product\/721143"}],"collection":[{"href":"https:\/\/streetmarkets.fr\/app\/wp-json\/wp\/v2\/product"}],"about":[{"href":"https:\/\/streetmarkets.fr\/app\/wp-json\/wp\/v2\/types\/product"}],"replies":[{"embeddable":true,"href":"https:\/\/streetmarkets.fr\/app\/wp-json\/wp\/v2\/comments?post=721143"}],"wp:featuredmedia":[{"embeddable":true,"href":"https:\/\/streetmarkets.fr\/app\/wp-json\/wp\/v2\/media\/721144"}],"wp:attachment":[{"href":"https:\/\/streetmarkets.fr\/app\/wp-json\/wp\/v2\/media?parent=721143"}],"wp:term":[{"taxonomy":"product_brand","embeddable":true,"href":"https:\/\/streetmarkets.fr\/app\/wp-json\/wp\/v2\/product_brand?post=721143"},{"taxonomy":"product_cat","embeddable":true,"href":"https:\/\/streetmarkets.fr\/app\/wp-json\/wp\/v2\/product_cat?post=721143"},{"taxonomy":"product_tag","embeddable":true,"href":"https:\/\/streetmarkets.fr\/app\/wp-json\/wp\/v2\/product_tag?post=721143"}],"curies":[{"name":"wp","href":"https:\/\/api.w.org\/{rel}","templated":true}]}}