{"id":721074,"date":"2024-10-15T18:18:43","date_gmt":"2024-10-15T16:18:43","guid":{"rendered":"https:\/\/streetmarkets.fr\/app\/produit\/msch-mschsisca-lynette-2-4-robe\/"},"modified":"2024-10-15T18:19:18","modified_gmt":"2024-10-15T16:19:18","slug":"msch-mschsisca-lynette-2-4-robe","status":"publish","type":"product","link":"https:\/\/streetmarkets.fr\/app\/produit\/msch-mschsisca-lynette-2-4-robe\/","title":{"rendered":"MSCH &#8211; MSCHSisca Lynette 2\/4 Robe"},"content":{"rendered":"<p>Raccord<\/p>\n<p>Cette robe a une coupe oversize. Le mannequin mesure 176 cm et porte du S\/M.<\/p>\n<p>&nbsp;<\/p>\n<p>Composition<\/p>\n<p>72 % viscose Ecovero\u2122, 23 % polyester et 5 % \u00e9lasthanne. Cliquez ici pour en lire plus.<\/p>\n<p>&nbsp;<\/p>\n<p>Longue robe<\/p>\n<p>Notre robe Sisca est la combinaison parfaite entre d\u00e9contract\u00e9 et \u00e9l\u00e9gant. La robe est sans effort avec sa coupe longue et ample, son col en V profond et ses manches de t-shirt plus longues. Elle peut \u00eatre port\u00e9e \u00e0 la fois comme une robe d&#8217;\u00e9t\u00e9, mais est \u00e9galement id\u00e9ale pour superposer des jeans en dessous et des gilets ou des tricots par-dessus. La robe semble tr\u00e8s froide, mais avec le bon style, elle peut \u00eatre port\u00e9e \u00e0 de nombreuses occasions.<\/p>\n","protected":false},"excerpt":{"rendered":"<p>Raccord Cette robe a une coupe oversize. Le mannequin mesure 176 cm et porte du S\/M. &nbsp; Composition 72 % viscose Ecovero\u2122, 23 % polyester et 5 % \u00e9lasthanne. Cliquez ici pour en lire plus. &nbsp; Longue robe Notre robe Sisca est la combinaison parfaite entre d\u00e9contract\u00e9 et \u00e9l\u00e9gant. La robe est sans effort avec [&hellip;]<\/p>\n","protected":false},"featured_media":721076,"comment_status":"open","ping_status":"closed","template":"","meta":[],"product_brand":[],"product_cat":[1756,1758],"product_tag":[],"acf":[],"_links":{"self":[{"href":"https:\/\/streetmarkets.fr\/app\/wp-json\/wp\/v2\/product\/721074"}],"collection":[{"href":"https:\/\/streetmarkets.fr\/app\/wp-json\/wp\/v2\/product"}],"about":[{"href":"https:\/\/streetmarkets.fr\/app\/wp-json\/wp\/v2\/types\/product"}],"replies":[{"embeddable":true,"href":"https:\/\/streetmarkets.fr\/app\/wp-json\/wp\/v2\/comments?post=721074"}],"wp:featuredmedia":[{"embeddable":true,"href":"https:\/\/streetmarkets.fr\/app\/wp-json\/wp\/v2\/media\/721076"}],"wp:attachment":[{"href":"https:\/\/streetmarkets.fr\/app\/wp-json\/wp\/v2\/media?parent=721074"}],"wp:term":[{"taxonomy":"product_brand","embeddable":true,"href":"https:\/\/streetmarkets.fr\/app\/wp-json\/wp\/v2\/product_brand?post=721074"},{"taxonomy":"product_cat","embeddable":true,"href":"https:\/\/streetmarkets.fr\/app\/wp-json\/wp\/v2\/product_cat?post=721074"},{"taxonomy":"product_tag","embeddable":true,"href":"https:\/\/streetmarkets.fr\/app\/wp-json\/wp\/v2\/product_tag?post=721074"}],"curies":[{"name":"wp","href":"https:\/\/api.w.org\/{rel}","templated":true}]}}