{"id":720883,"date":"2024-10-15T18:18:33","date_gmt":"2024-10-15T16:18:33","guid":{"rendered":"https:\/\/streetmarkets.fr\/app\/produit\/dph-pull-cleo-tr-multico\/"},"modified":"2024-10-15T18:19:17","modified_gmt":"2024-10-15T16:19:17","slug":"dph-pull-cleo-tr-multico","status":"publish","type":"product","link":"https:\/\/streetmarkets.fr\/app\/produit\/dph-pull-cleo-tr-multico\/","title":{"rendered":"DPH &#8211; PULL CLEO TR MULTICO"},"content":{"rendered":"<p>Toujours aussi f\u00e9minin, le top est d\u00e9clin\u00e9 en laine et lin pour le printemps. Encolure bateau et coupe droite, ses manches \u00e9vas\u00e9es dynamisent ce mod\u00e8le graphique.<br \/>\u2022 Top manches courtes<br \/>\u2022 Manches \u00e9vas\u00e9es<br \/>\u2022 Encolure bateau<br \/>\u2022 Rayures et points fantaisie<br \/>\u2022 Top r\u00e9alis\u00e9 dans un fil avec un m\u00e9lange de laine m\u00e9rinos et de lin Fran\u00e7ais. L&#8217;association de ces deux fibres naturelles apportent aux mod\u00e8les douceur, l\u00e9g\u00e8ret\u00e9 et durabilit\u00e9.<br \/>\u2022 Coloris Multicolore<br \/>\u2022 Mod\u00e8le dessin\u00e9 \u00e0 Paris par notre styliste<br \/>\u2022 Longueur : 53 cm pour une taille 1<br \/>\u2022 Kathie mesure 1m77 et porte une taille 1<br \/>COMPOSITION55% LAINE MERINOS, 45% LINFabriqu\u00e9 en ChineENTRETIENLavage \u00e0 la mainS\u00e9chage \u00e0 platRepassage doux<\/p>\n","protected":false},"excerpt":{"rendered":"<p>Toujours aussi f\u00e9minin, le top est d\u00e9clin\u00e9 en laine et lin pour le printemps. Encolure bateau et coupe droite, ses manches \u00e9vas\u00e9es dynamisent ce mod\u00e8le graphique.\u2022 Top manches courtes\u2022 Manches \u00e9vas\u00e9es\u2022 Encolure bateau\u2022 Rayures et points fantaisie\u2022 Top r\u00e9alis\u00e9 dans un fil avec un m\u00e9lange de laine m\u00e9rinos et de lin Fran\u00e7ais. L&#8217;association de ces [&hellip;]<\/p>\n","protected":false},"featured_media":720884,"comment_status":"open","ping_status":"closed","template":"","meta":[],"product_brand":[],"product_cat":[1756,1758],"product_tag":[],"acf":[],"_links":{"self":[{"href":"https:\/\/streetmarkets.fr\/app\/wp-json\/wp\/v2\/product\/720883"}],"collection":[{"href":"https:\/\/streetmarkets.fr\/app\/wp-json\/wp\/v2\/product"}],"about":[{"href":"https:\/\/streetmarkets.fr\/app\/wp-json\/wp\/v2\/types\/product"}],"replies":[{"embeddable":true,"href":"https:\/\/streetmarkets.fr\/app\/wp-json\/wp\/v2\/comments?post=720883"}],"wp:featuredmedia":[{"embeddable":true,"href":"https:\/\/streetmarkets.fr\/app\/wp-json\/wp\/v2\/media\/720884"}],"wp:attachment":[{"href":"https:\/\/streetmarkets.fr\/app\/wp-json\/wp\/v2\/media?parent=720883"}],"wp:term":[{"taxonomy":"product_brand","embeddable":true,"href":"https:\/\/streetmarkets.fr\/app\/wp-json\/wp\/v2\/product_brand?post=720883"},{"taxonomy":"product_cat","embeddable":true,"href":"https:\/\/streetmarkets.fr\/app\/wp-json\/wp\/v2\/product_cat?post=720883"},{"taxonomy":"product_tag","embeddable":true,"href":"https:\/\/streetmarkets.fr\/app\/wp-json\/wp\/v2\/product_tag?post=720883"}],"curies":[{"name":"wp","href":"https:\/\/api.w.org\/{rel}","templated":true}]}}