{"id":720809,"date":"2024-10-15T18:18:28","date_gmt":"2024-10-15T16:18:28","guid":{"rendered":"https:\/\/streetmarkets.fr\/app\/produit\/dph-jupe-verdad-noir\/"},"modified":"2024-10-15T18:19:16","modified_gmt":"2024-10-15T16:19:16","slug":"dph-jupe-verdad-noir","status":"publish","type":"product","link":"https:\/\/streetmarkets.fr\/app\/produit\/dph-jupe-verdad-noir\/","title":{"rendered":"DPH &#8211; JUPE VERDAD NOIR"},"content":{"rendered":"<p>Accessoiris\u00e9e d&#8217;une patte de boutonnage et fendue en base pour laisser entrevoir la jambe, la jupe longue opte pour un look chic et minimaliste. D\u00e9clin\u00e9e dans un lin fluide et respirant accordez-la \u00e0 vos t-shirts et petits tops pr\u00e9f\u00e9r\u00e9s.<br \/>\u2022 Jupe longue<br \/>\u2022 Coupe droite<br \/>\u2022 Ceinture \u00e9lastiqu\u00e9e au dos<br \/>\u2022 Patte de boutonnage devant<br \/>\u2022 Fente en bas de jambe<br \/>\u2022 Jupe r\u00e9alis\u00e9e en lin, fibre naturelle durable, thermor\u00e9gulante, respirante id\u00e9ale pour l&#8217;\u00e9t\u00e9.<br \/>\u2022 Coloris Noir : un noir chic et intemporel<br \/>\u2022 Mod\u00e8le dessin\u00e9 \u00e0 Paris par notre styliste<br \/>\u2022 Longueur : 84 cm pour une taille 1<br \/>\u2022 Faaby mesure 1m75 et porte une taille 1<\/p>\n<p>&nbsp;<\/p>\n<p>COMPOSITION100% LINFabriqu\u00e9 \u00e0 MadagascarENTRETIENLavage \u00e0 la machine \u00e0 froid sur programme d\u00e9licat (20\u00b0C maximum) avec faible essorage (400 tours maximum).<\/p>\n","protected":false},"excerpt":{"rendered":"<p>Accessoiris\u00e9e d&#8217;une patte de boutonnage et fendue en base pour laisser entrevoir la jambe, la jupe longue opte pour un look chic et minimaliste. D\u00e9clin\u00e9e dans un lin fluide et respirant accordez-la \u00e0 vos t-shirts et petits tops pr\u00e9f\u00e9r\u00e9s.\u2022 Jupe longue\u2022 Coupe droite\u2022 Ceinture \u00e9lastiqu\u00e9e au dos\u2022 Patte de boutonnage devant\u2022 Fente en bas de [&hellip;]<\/p>\n","protected":false},"featured_media":720811,"comment_status":"open","ping_status":"closed","template":"","meta":[],"product_brand":[],"product_cat":[1756,1758],"product_tag":[],"acf":[],"_links":{"self":[{"href":"https:\/\/streetmarkets.fr\/app\/wp-json\/wp\/v2\/product\/720809"}],"collection":[{"href":"https:\/\/streetmarkets.fr\/app\/wp-json\/wp\/v2\/product"}],"about":[{"href":"https:\/\/streetmarkets.fr\/app\/wp-json\/wp\/v2\/types\/product"}],"replies":[{"embeddable":true,"href":"https:\/\/streetmarkets.fr\/app\/wp-json\/wp\/v2\/comments?post=720809"}],"wp:featuredmedia":[{"embeddable":true,"href":"https:\/\/streetmarkets.fr\/app\/wp-json\/wp\/v2\/media\/720811"}],"wp:attachment":[{"href":"https:\/\/streetmarkets.fr\/app\/wp-json\/wp\/v2\/media?parent=720809"}],"wp:term":[{"taxonomy":"product_brand","embeddable":true,"href":"https:\/\/streetmarkets.fr\/app\/wp-json\/wp\/v2\/product_brand?post=720809"},{"taxonomy":"product_cat","embeddable":true,"href":"https:\/\/streetmarkets.fr\/app\/wp-json\/wp\/v2\/product_cat?post=720809"},{"taxonomy":"product_tag","embeddable":true,"href":"https:\/\/streetmarkets.fr\/app\/wp-json\/wp\/v2\/product_tag?post=720809"}],"curies":[{"name":"wp","href":"https:\/\/api.w.org\/{rel}","templated":true}]}}