{"id":720791,"date":"2024-10-15T18:18:27","date_gmt":"2024-10-15T16:18:27","guid":{"rendered":"https:\/\/streetmarkets.fr\/app\/produit\/dph-jupe-evalette-bisous\/"},"modified":"2024-10-15T18:19:16","modified_gmt":"2024-10-15T16:19:16","slug":"dph-jupe-evalette-bisous","status":"publish","type":"product","link":"https:\/\/streetmarkets.fr\/app\/produit\/dph-jupe-evalette-bisous\/","title":{"rendered":"DPH &#8211; JUPE EVALETTE BISOUS"},"content":{"rendered":"<p>L&#8217;incontournable jupe longue demeure une valeur s\u00fbre pour l&#8217;\u00e9t\u00e9. Chic et minimaliste, message &#8220;Bisou ensoleill\u00e9&#8221; et motifs abstraits modernisent cette jupe en viscose fluide et l\u00e9g\u00e8re.<br \/>\u2022 Jupe longue<br \/>\u2022 Taille \u00e9lastiqu\u00e9e au dos<br \/>\u2022 Zip sur le c\u00f4t\u00e9<br \/>\u2022 Fente devant jusqu&#8217;au genou<br \/>\u2022 Enti\u00e8rement doubl\u00e9e en voile de viscose<br \/>\u2022 Jupe imprim\u00e9e r\u00e9alis\u00e9e en cr\u00eape de viscose fluide<br \/>\u2022 Imprim\u00e9 exclusif Des Petits Hauts Bisous fa\u00e7on carte postale aux lignes \u00e9pur\u00e9es comme un bisou envoy\u00e9 du d\u00e9sert sur un fond blanc<br \/>\u2022 Mod\u00e8le dessin\u00e9 \u00e0 Paris par notre styliste<br \/>\u2022 Longueur : 85 cm pour une taille 1<br \/>\u2022 Madalena mesure 1m77 et porte une taille 1<\/p>\n<p>COMPOSITION<\/p>\n<p>100% VISCOSE<br \/>DOUBLURE : 100% VISCOSE&nbsp;<\/p>\n<p>Fabriqu\u00e9 au Maroc<\/p>\n","protected":false},"excerpt":{"rendered":"<p>L&#8217;incontournable jupe longue demeure une valeur s\u00fbre pour l&#8217;\u00e9t\u00e9. Chic et minimaliste, message &#8220;Bisou ensoleill\u00e9&#8221; et motifs abstraits modernisent cette jupe en viscose fluide et l\u00e9g\u00e8re.\u2022 Jupe longue\u2022 Taille \u00e9lastiqu\u00e9e au dos\u2022 Zip sur le c\u00f4t\u00e9\u2022 Fente devant jusqu&#8217;au genou\u2022 Enti\u00e8rement doubl\u00e9e en voile de viscose\u2022 Jupe imprim\u00e9e r\u00e9alis\u00e9e en cr\u00eape de viscose fluide\u2022 Imprim\u00e9 [&hellip;]<\/p>\n","protected":false},"featured_media":720797,"comment_status":"open","ping_status":"closed","template":"","meta":[],"product_brand":[],"product_cat":[1756,1758],"product_tag":[],"acf":[],"_links":{"self":[{"href":"https:\/\/streetmarkets.fr\/app\/wp-json\/wp\/v2\/product\/720791"}],"collection":[{"href":"https:\/\/streetmarkets.fr\/app\/wp-json\/wp\/v2\/product"}],"about":[{"href":"https:\/\/streetmarkets.fr\/app\/wp-json\/wp\/v2\/types\/product"}],"replies":[{"embeddable":true,"href":"https:\/\/streetmarkets.fr\/app\/wp-json\/wp\/v2\/comments?post=720791"}],"wp:featuredmedia":[{"embeddable":true,"href":"https:\/\/streetmarkets.fr\/app\/wp-json\/wp\/v2\/media\/720797"}],"wp:attachment":[{"href":"https:\/\/streetmarkets.fr\/app\/wp-json\/wp\/v2\/media?parent=720791"}],"wp:term":[{"taxonomy":"product_brand","embeddable":true,"href":"https:\/\/streetmarkets.fr\/app\/wp-json\/wp\/v2\/product_brand?post=720791"},{"taxonomy":"product_cat","embeddable":true,"href":"https:\/\/streetmarkets.fr\/app\/wp-json\/wp\/v2\/product_cat?post=720791"},{"taxonomy":"product_tag","embeddable":true,"href":"https:\/\/streetmarkets.fr\/app\/wp-json\/wp\/v2\/product_tag?post=720791"}],"curies":[{"name":"wp","href":"https:\/\/api.w.org\/{rel}","templated":true}]}}