{"id":720771,"date":"2024-10-15T18:18:26","date_gmt":"2024-10-15T16:18:26","guid":{"rendered":"https:\/\/streetmarkets.fr\/app\/produit\/dph-jupe-rosanne-pecan\/"},"modified":"2024-10-15T18:19:16","modified_gmt":"2024-10-15T16:19:16","slug":"dph-jupe-rosanne-pecan","status":"publish","type":"product","link":"https:\/\/streetmarkets.fr\/app\/produit\/dph-jupe-rosanne-pecan\/","title":{"rendered":"DPH &#8211; JUPE ROSANNE PECAN"},"content":{"rendered":"<p>Mati\u00e8re parfaite pour l&#8217;\u00e9t\u00e9, la jupe longue est d\u00e9clin\u00e9e en double gaze de coton pour un look folk. Elastiqu\u00e9e \u00e0 la taille et l\u00e9g\u00e8rement \u00e9vas\u00e9e, choisissez un top graphique ou t-shirt pour finaliser le look.<br \/>\u2022 Jupe longue<br \/>\u2022 Coupe l\u00e9g\u00e8rement \u00e9vas\u00e9e<br \/>\u2022 D\u00e9coupe fronc\u00e9e en milieu de jupe<br \/>\u2022 Taille \u00e9lastiqu\u00e9e<br \/>\u2022 Doublure en voile de coton ton sur ton uniquement pour le coloris \u00c9cru<br \/>\u2022 Jupe r\u00e9alis\u00e9e en double gaze de coton, tissu l\u00e9ger, doux et a\u00e9rien \u00e0 l&#8217;effet froiss\u00e9.<br \/>\u2022 Coloris Pecan&nbsp;: un brun fonc\u00e9 l\u00e9g\u00e8rement rouge<br \/>\u2022 Mod\u00e8le dessin\u00e9 \u00e0 Paris par notre styliste<br \/>\u2022 Longueur : 82 cm pour une taille 1<br \/>\u2022 Faaby mesure 1m75 et porte une taille 1<\/p>\n<p>COMPOSITION<\/p>\n<p>100% COTON<br \/>DOUBLURE : 100% COTON<\/p>\n","protected":false},"excerpt":{"rendered":"<p>Mati\u00e8re parfaite pour l&#8217;\u00e9t\u00e9, la jupe longue est d\u00e9clin\u00e9e en double gaze de coton pour un look folk. Elastiqu\u00e9e \u00e0 la taille et l\u00e9g\u00e8rement \u00e9vas\u00e9e, choisissez un top graphique ou t-shirt pour finaliser le look.\u2022 Jupe longue\u2022 Coupe l\u00e9g\u00e8rement \u00e9vas\u00e9e\u2022 D\u00e9coupe fronc\u00e9e en milieu de jupe\u2022 Taille \u00e9lastiqu\u00e9e\u2022 Doublure en voile de coton ton sur [&hellip;]<\/p>\n","protected":false},"featured_media":720772,"comment_status":"open","ping_status":"closed","template":"","meta":[],"product_brand":[],"product_cat":[1756,1758],"product_tag":[],"acf":[],"_links":{"self":[{"href":"https:\/\/streetmarkets.fr\/app\/wp-json\/wp\/v2\/product\/720771"}],"collection":[{"href":"https:\/\/streetmarkets.fr\/app\/wp-json\/wp\/v2\/product"}],"about":[{"href":"https:\/\/streetmarkets.fr\/app\/wp-json\/wp\/v2\/types\/product"}],"replies":[{"embeddable":true,"href":"https:\/\/streetmarkets.fr\/app\/wp-json\/wp\/v2\/comments?post=720771"}],"wp:featuredmedia":[{"embeddable":true,"href":"https:\/\/streetmarkets.fr\/app\/wp-json\/wp\/v2\/media\/720772"}],"wp:attachment":[{"href":"https:\/\/streetmarkets.fr\/app\/wp-json\/wp\/v2\/media?parent=720771"}],"wp:term":[{"taxonomy":"product_brand","embeddable":true,"href":"https:\/\/streetmarkets.fr\/app\/wp-json\/wp\/v2\/product_brand?post=720771"},{"taxonomy":"product_cat","embeddable":true,"href":"https:\/\/streetmarkets.fr\/app\/wp-json\/wp\/v2\/product_cat?post=720771"},{"taxonomy":"product_tag","embeddable":true,"href":"https:\/\/streetmarkets.fr\/app\/wp-json\/wp\/v2\/product_tag?post=720771"}],"curies":[{"name":"wp","href":"https:\/\/api.w.org\/{rel}","templated":true}]}}