{"id":720756,"date":"2024-10-15T18:18:25","date_gmt":"2024-10-15T16:18:25","guid":{"rendered":"https:\/\/streetmarkets.fr\/app\/produit\/maison-hotel-robe-bianca-space-oddity\/"},"modified":"2024-10-15T18:19:16","modified_gmt":"2024-10-15T16:19:16","slug":"maison-hotel-robe-bianca-space-oddity","status":"publish","type":"product","link":"https:\/\/streetmarkets.fr\/app\/produit\/maison-hotel-robe-bianca-space-oddity\/","title":{"rendered":"Maison Hotel &#8211; Robe Bianca- Space Oddity"},"content":{"rendered":"<p>La robe Bianca dans Space Oddity.<\/p>\n<p>&nbsp;<\/p>\n<p>Coup\u00e9e en georgette de viscose, la robe r\u00e9plique imprim\u00e9e tie-dye pr\u00e9sente un col en V boutonn\u00e9 recouvert de tissu, des manches oversize \u00e0 volants, des poignets \u00e9lastiques et est enti\u00e8rement doubl\u00e9e de voile de coton doux.<\/p>\n<p>&nbsp;<\/p>\n<p>Associez-le \u00e0 des couches de strass vintage et \u00e0 des bottes de cowboy noires pour un look formel mais vieilli.<\/p>\n<p>100% VISCOSE<\/p>\n","protected":false},"excerpt":{"rendered":"<p>La robe Bianca dans Space Oddity. &nbsp; Coup\u00e9e en georgette de viscose, la robe r\u00e9plique imprim\u00e9e tie-dye pr\u00e9sente un col en V boutonn\u00e9 recouvert de tissu, des manches oversize \u00e0 volants, des poignets \u00e9lastiques et est enti\u00e8rement doubl\u00e9e de voile de coton doux. &nbsp; Associez-le \u00e0 des couches de strass vintage et \u00e0 des bottes [&hellip;]<\/p>\n","protected":false},"featured_media":720758,"comment_status":"open","ping_status":"closed","template":"","meta":[],"product_brand":[],"product_cat":[1756,1758],"product_tag":[],"acf":[],"_links":{"self":[{"href":"https:\/\/streetmarkets.fr\/app\/wp-json\/wp\/v2\/product\/720756"}],"collection":[{"href":"https:\/\/streetmarkets.fr\/app\/wp-json\/wp\/v2\/product"}],"about":[{"href":"https:\/\/streetmarkets.fr\/app\/wp-json\/wp\/v2\/types\/product"}],"replies":[{"embeddable":true,"href":"https:\/\/streetmarkets.fr\/app\/wp-json\/wp\/v2\/comments?post=720756"}],"wp:featuredmedia":[{"embeddable":true,"href":"https:\/\/streetmarkets.fr\/app\/wp-json\/wp\/v2\/media\/720758"}],"wp:attachment":[{"href":"https:\/\/streetmarkets.fr\/app\/wp-json\/wp\/v2\/media?parent=720756"}],"wp:term":[{"taxonomy":"product_brand","embeddable":true,"href":"https:\/\/streetmarkets.fr\/app\/wp-json\/wp\/v2\/product_brand?post=720756"},{"taxonomy":"product_cat","embeddable":true,"href":"https:\/\/streetmarkets.fr\/app\/wp-json\/wp\/v2\/product_cat?post=720756"},{"taxonomy":"product_tag","embeddable":true,"href":"https:\/\/streetmarkets.fr\/app\/wp-json\/wp\/v2\/product_tag?post=720756"}],"curies":[{"name":"wp","href":"https:\/\/api.w.org\/{rel}","templated":true}]}}