{"id":720704,"date":"2024-10-15T18:18:24","date_gmt":"2024-10-15T16:18:24","guid":{"rendered":"https:\/\/streetmarkets.fr\/app\/produit\/msch-elisia-nenaya-pullover-gris-clair\/"},"modified":"2024-10-15T18:19:16","modified_gmt":"2024-10-15T16:19:16","slug":"msch-elisia-nenaya-pullover-gris-clair","status":"publish","type":"product","link":"https:\/\/streetmarkets.fr\/app\/produit\/msch-elisia-nenaya-pullover-gris-clair\/","title":{"rendered":"MSCH &#8211; Elisia Nenaya Pullover &#8211; Gris Clair"},"content":{"rendered":"<p>Composition<\/p>\n<p>38 % laine, 33 % polyester recycl\u00e9, 26 % alpaga et 3 % \u00e9lasthanne.<\/p>\n<p>&nbsp;<\/p>\n<p>Un pull tricot\u00e9 classique avec un col pour mettre en valeur votre cou et cr\u00e9er des d\u00e9tails suppl\u00e9mentaires \u00e0 votre tenue automne\/hiver. C&#8217;est parfait pour travailler avec un t-shirt en dessous, ou sans rien en dessous pour fonctionner comme une pi\u00e8ce ma\u00eetresse. Ce pull peut \u00eatre port\u00e9 avec votre jupe, votre jean ou votre pantalon de costume pr\u00e9f\u00e9r\u00e9.<\/p>\n","protected":false},"excerpt":{"rendered":"<p>Composition 38 % laine, 33 % polyester recycl\u00e9, 26 % alpaga et 3 % \u00e9lasthanne. &nbsp; Un pull tricot\u00e9 classique avec un col pour mettre en valeur votre cou et cr\u00e9er des d\u00e9tails suppl\u00e9mentaires \u00e0 votre tenue automne\/hiver. C&#8217;est parfait pour travailler avec un t-shirt en dessous, ou sans rien en dessous pour fonctionner comme [&hellip;]<\/p>\n","protected":false},"featured_media":720705,"comment_status":"open","ping_status":"closed","template":"","meta":[],"product_brand":[],"product_cat":[1756,1758],"product_tag":[],"acf":[],"_links":{"self":[{"href":"https:\/\/streetmarkets.fr\/app\/wp-json\/wp\/v2\/product\/720704"}],"collection":[{"href":"https:\/\/streetmarkets.fr\/app\/wp-json\/wp\/v2\/product"}],"about":[{"href":"https:\/\/streetmarkets.fr\/app\/wp-json\/wp\/v2\/types\/product"}],"replies":[{"embeddable":true,"href":"https:\/\/streetmarkets.fr\/app\/wp-json\/wp\/v2\/comments?post=720704"}],"wp:featuredmedia":[{"embeddable":true,"href":"https:\/\/streetmarkets.fr\/app\/wp-json\/wp\/v2\/media\/720705"}],"wp:attachment":[{"href":"https:\/\/streetmarkets.fr\/app\/wp-json\/wp\/v2\/media?parent=720704"}],"wp:term":[{"taxonomy":"product_brand","embeddable":true,"href":"https:\/\/streetmarkets.fr\/app\/wp-json\/wp\/v2\/product_brand?post=720704"},{"taxonomy":"product_cat","embeddable":true,"href":"https:\/\/streetmarkets.fr\/app\/wp-json\/wp\/v2\/product_cat?post=720704"},{"taxonomy":"product_tag","embeddable":true,"href":"https:\/\/streetmarkets.fr\/app\/wp-json\/wp\/v2\/product_tag?post=720704"}],"curies":[{"name":"wp","href":"https:\/\/api.w.org\/{rel}","templated":true}]}}