{"id":720669,"date":"2024-10-15T18:18:22","date_gmt":"2024-10-15T16:18:22","guid":{"rendered":"https:\/\/streetmarkets.fr\/app\/produit\/msch-regitta-rachelle-cardigan-noir\/"},"modified":"2024-10-15T18:19:15","modified_gmt":"2024-10-15T16:19:15","slug":"msch-regitta-rachelle-cardigan-noir","status":"publish","type":"product","link":"https:\/\/streetmarkets.fr\/app\/produit\/msch-regitta-rachelle-cardigan-noir\/","title":{"rendered":"MSCH &#8211; Regitta Rachelle Cardigan Noir"},"content":{"rendered":"<p>Raccord<\/p>\n<p>Ce cardigan a une coupe classique.<\/p>\n<p>&nbsp;<\/p>\n<p>Composition:<\/p>\n<p>52 % viscose Ecovero, 28 % polyester et 20 % nylon<\/p>\n<p>&nbsp;<\/p>\n<p>\u00c0 propos de Lenzing Ecovero Viscose<\/p>\n<p>Fabriqu\u00e9 \u00e0 partir de bois r\u00e9colt\u00e9 aupr\u00e8s de sources responsables, o\u00f9 de nouveaux arbres sont plant\u00e9s \u00e0 la m\u00eame vitesse et o\u00f9 les droits des travailleurs sont prioritaires. Produit dans un syst\u00e8me en boucle ferm\u00e9e, o\u00f9 il est possible de r\u00e9utiliser pr\u00e8s de 100 % des produits chimiques ainsi que de l&#8217;eau. Ecovero est certifi\u00e9 par l&#8217;Ecolabel europ\u00e9en comme r\u00e9pondant \u00e0 des normes environnementales \u00e9lev\u00e9es tout au long de son cycle de vie : de l&#8217;extraction des mati\u00e8res premi\u00e8res \u00e0 la production, la distribution et l&#8217;\u00e9limination.<\/p>\n","protected":false},"excerpt":{"rendered":"<p>Raccord Ce cardigan a une coupe classique. &nbsp; Composition: 52 % viscose Ecovero, 28 % polyester et 20 % nylon &nbsp; \u00c0 propos de Lenzing Ecovero Viscose Fabriqu\u00e9 \u00e0 partir de bois r\u00e9colt\u00e9 aupr\u00e8s de sources responsables, o\u00f9 de nouveaux arbres sont plant\u00e9s \u00e0 la m\u00eame vitesse et o\u00f9 les droits des travailleurs sont prioritaires. [&hellip;]<\/p>\n","protected":false},"featured_media":720670,"comment_status":"open","ping_status":"closed","template":"","meta":[],"product_brand":[],"product_cat":[1756,1758],"product_tag":[],"acf":[],"_links":{"self":[{"href":"https:\/\/streetmarkets.fr\/app\/wp-json\/wp\/v2\/product\/720669"}],"collection":[{"href":"https:\/\/streetmarkets.fr\/app\/wp-json\/wp\/v2\/product"}],"about":[{"href":"https:\/\/streetmarkets.fr\/app\/wp-json\/wp\/v2\/types\/product"}],"replies":[{"embeddable":true,"href":"https:\/\/streetmarkets.fr\/app\/wp-json\/wp\/v2\/comments?post=720669"}],"wp:featuredmedia":[{"embeddable":true,"href":"https:\/\/streetmarkets.fr\/app\/wp-json\/wp\/v2\/media\/720670"}],"wp:attachment":[{"href":"https:\/\/streetmarkets.fr\/app\/wp-json\/wp\/v2\/media?parent=720669"}],"wp:term":[{"taxonomy":"product_brand","embeddable":true,"href":"https:\/\/streetmarkets.fr\/app\/wp-json\/wp\/v2\/product_brand?post=720669"},{"taxonomy":"product_cat","embeddable":true,"href":"https:\/\/streetmarkets.fr\/app\/wp-json\/wp\/v2\/product_cat?post=720669"},{"taxonomy":"product_tag","embeddable":true,"href":"https:\/\/streetmarkets.fr\/app\/wp-json\/wp\/v2\/product_tag?post=720669"}],"curies":[{"name":"wp","href":"https:\/\/api.w.org\/{rel}","templated":true}]}}