{"id":720460,"date":"2024-10-15T18:17:45","date_gmt":"2024-10-15T16:17:45","guid":{"rendered":"https:\/\/streetmarkets.fr\/app\/produit\/blouson-retro-cuir-bonita-suede-bleu-clair\/"},"modified":"2024-10-15T18:18:20","modified_gmt":"2024-10-15T16:18:20","slug":"blouson-retro-cuir-bonita-suede-bleu-clair","status":"publish","type":"product","link":"https:\/\/streetmarkets.fr\/app\/produit\/blouson-retro-cuir-bonita-suede-bleu-clair\/","title":{"rendered":"BLOUSON R\u00c9TRO CUIR &#8211; BONITA SUEDE BLEU CLAIR"},"content":{"rendered":"<p>-Craquez pour cette veste&nbsp;d&#8217;\u00e9t\u00e9 fabriqu\u00e9e dans un cuir de ch\u00e8vre finition velours au look r\u00e9tro.<\/p>\n<p>&#8211; Cuir de ch\u00e8vre velours (su\u00e9d\u00e9)<\/p>\n<p>&#8211; Col&nbsp;biker<\/p>\n<p>&#8211; Fermeture asym\u00e9trique zipp\u00e9e<\/p>\n<p>&#8211; Bas de manches zipp\u00e9es<\/p>\n<p>&#8211; 3 poches ext\u00e9rieures zipp\u00e9es<\/p>\n<p>&#8211; 1 poche int\u00e9rieure cach\u00e9e taille smartphone<\/p>\n<p>&#8211; Doublure coton et manches polyeste<\/p>\n<p>&#8211; Le mannequin mesure 1,70m, elle porte le blouson en taille M.<\/p>\n<p>Style :&nbsp;CasualSaison :Cuir l\u00e9gerMati\u00e8re :&nbsp;Ch\u00e8vreAspect cuir :&nbsp;VeloursCol :&nbsp;Col tailleurCoupe :&nbsp;Bikers<\/p>\n","protected":false},"excerpt":{"rendered":"<p>-Craquez pour cette veste&nbsp;d&#8217;\u00e9t\u00e9 fabriqu\u00e9e dans un cuir de ch\u00e8vre finition velours au look r\u00e9tro. &#8211; Cuir de ch\u00e8vre velours (su\u00e9d\u00e9) &#8211; Col&nbsp;biker &#8211; Fermeture asym\u00e9trique zipp\u00e9e &#8211; Bas de manches zipp\u00e9es &#8211; 3 poches ext\u00e9rieures zipp\u00e9es &#8211; 1 poche int\u00e9rieure cach\u00e9e taille smartphone &#8211; Doublure coton et manches polyeste &#8211; Le mannequin mesure 1,70m, [&hellip;]<\/p>\n","protected":false},"featured_media":720461,"comment_status":"open","ping_status":"closed","template":"","meta":[],"product_brand":[],"product_cat":[1756,1762],"product_tag":[2122],"acf":[],"_links":{"self":[{"href":"https:\/\/streetmarkets.fr\/app\/wp-json\/wp\/v2\/product\/720460"}],"collection":[{"href":"https:\/\/streetmarkets.fr\/app\/wp-json\/wp\/v2\/product"}],"about":[{"href":"https:\/\/streetmarkets.fr\/app\/wp-json\/wp\/v2\/types\/product"}],"replies":[{"embeddable":true,"href":"https:\/\/streetmarkets.fr\/app\/wp-json\/wp\/v2\/comments?post=720460"}],"wp:featuredmedia":[{"embeddable":true,"href":"https:\/\/streetmarkets.fr\/app\/wp-json\/wp\/v2\/media\/720461"}],"wp:attachment":[{"href":"https:\/\/streetmarkets.fr\/app\/wp-json\/wp\/v2\/media?parent=720460"}],"wp:term":[{"taxonomy":"product_brand","embeddable":true,"href":"https:\/\/streetmarkets.fr\/app\/wp-json\/wp\/v2\/product_brand?post=720460"},{"taxonomy":"product_cat","embeddable":true,"href":"https:\/\/streetmarkets.fr\/app\/wp-json\/wp\/v2\/product_cat?post=720460"},{"taxonomy":"product_tag","embeddable":true,"href":"https:\/\/streetmarkets.fr\/app\/wp-json\/wp\/v2\/product_tag?post=720460"}],"curies":[{"name":"wp","href":"https:\/\/api.w.org\/{rel}","templated":true}]}}