{"id":719980,"date":"2024-10-15T18:17:30","date_gmt":"2024-10-15T16:17:30","guid":{"rendered":"https:\/\/streetmarkets.fr\/app\/produit\/blouse-manches-longues-imprime-lapin\/"},"modified":"2024-10-15T18:18:16","modified_gmt":"2024-10-15T16:18:16","slug":"blouse-manches-longues-imprime-lapin","status":"publish","type":"product","link":"https:\/\/streetmarkets.fr\/app\/produit\/blouse-manches-longues-imprime-lapin\/","title":{"rendered":"Blouse manches longues imprim\u00e9 lapin"},"content":{"rendered":"<p>Blouse avec imprim\u00e9 lapin. Avec col montant et manches longues. Fermeture avant avec boutons. D\u00e9tail volant sur le col et les poignets. Le mannequin mesure 170 cm et porte une taille S.<\/p>\n<p>COMPOSTION: 100% Viscose.<\/p>\n","protected":false},"excerpt":{"rendered":"<p>Blouse avec imprim\u00e9 lapin. Avec col montant et manches longues. Fermeture avant avec boutons. D\u00e9tail volant sur le col et les poignets. Le mannequin mesure 170 cm et porte une taille S. COMPOSTION: 100% Viscose.<\/p>\n","protected":false},"featured_media":719981,"comment_status":"open","ping_status":"closed","template":"","meta":[],"product_brand":[],"product_cat":[1756,1762],"product_tag":[],"acf":[],"_links":{"self":[{"href":"https:\/\/streetmarkets.fr\/app\/wp-json\/wp\/v2\/product\/719980"}],"collection":[{"href":"https:\/\/streetmarkets.fr\/app\/wp-json\/wp\/v2\/product"}],"about":[{"href":"https:\/\/streetmarkets.fr\/app\/wp-json\/wp\/v2\/types\/product"}],"replies":[{"embeddable":true,"href":"https:\/\/streetmarkets.fr\/app\/wp-json\/wp\/v2\/comments?post=719980"}],"wp:featuredmedia":[{"embeddable":true,"href":"https:\/\/streetmarkets.fr\/app\/wp-json\/wp\/v2\/media\/719981"}],"wp:attachment":[{"href":"https:\/\/streetmarkets.fr\/app\/wp-json\/wp\/v2\/media?parent=719980"}],"wp:term":[{"taxonomy":"product_brand","embeddable":true,"href":"https:\/\/streetmarkets.fr\/app\/wp-json\/wp\/v2\/product_brand?post=719980"},{"taxonomy":"product_cat","embeddable":true,"href":"https:\/\/streetmarkets.fr\/app\/wp-json\/wp\/v2\/product_cat?post=719980"},{"taxonomy":"product_tag","embeddable":true,"href":"https:\/\/streetmarkets.fr\/app\/wp-json\/wp\/v2\/product_tag?post=719980"}],"curies":[{"name":"wp","href":"https:\/\/api.w.org\/{rel}","templated":true}]}}