{"id":719933,"date":"2024-10-15T18:17:28","date_gmt":"2024-10-15T16:17:28","guid":{"rendered":"https:\/\/streetmarkets.fr\/app\/produit\/mschsigune-nenaya-pullover-tench-coat-miel\/"},"modified":"2024-10-15T18:18:15","modified_gmt":"2024-10-15T16:18:15","slug":"mschsigune-nenaya-pullover-tench-coat-miel","status":"publish","type":"product","link":"https:\/\/streetmarkets.fr\/app\/produit\/mschsigune-nenaya-pullover-tench-coat-miel\/","title":{"rendered":"MSCHSigune Nenaya Pullover &#8211; Tench coat miel"},"content":{"rendered":"<p>Pull tricot\u00e9<\/p>\n<p>Un ajout incontournable \u00e0 votre garde-robe par temps froid, assurant \u00e0 la fois confort et style. L&#8217;essence se trouve dans les d\u00e9tails de ce pull : le d\u00e9tail du motif tendance donne un look sophistiqu\u00e9 qui fait de ce pull un style tr\u00e8s polyvalent. Que vous l&#8217;associiez \u00e0 votre jean pr\u00e9f\u00e9r\u00e9 ou que vous le superposiez \u00e0 une robe chic, il compl\u00e9tera sans effort votre style en toute occasion. Le m\u00e9lange exquis de laine et d&#8217;alpaga offre non seulement une sensation de douceur exceptionnelle \u00e0 votre peau, mais vous garde \u00e9galement confortablement au chaud tout au long de la saison.<\/p>\n<p>&nbsp;<\/p>\n<p>Raccord<\/p>\n<p>Ce pull a une coupe oversize. Le mannequin mesure 175 cm et porte une taille S\/M.<\/p>\n<p>&nbsp;<\/p>\n<p>Composition<\/p>\n<p><strong>38 % laine, 33 % polyester recycl\u00e9, 26 % alpaga et 3 % \u00e9lasthanne<\/strong><\/p>\n","protected":false},"excerpt":{"rendered":"<p>Pull tricot\u00e9 Un ajout incontournable \u00e0 votre garde-robe par temps froid, assurant \u00e0 la fois confort et style. L&#8217;essence se trouve dans les d\u00e9tails de ce pull : le d\u00e9tail du motif tendance donne un look sophistiqu\u00e9 qui fait de ce pull un style tr\u00e8s polyvalent. Que vous l&#8217;associiez \u00e0 votre jean pr\u00e9f\u00e9r\u00e9 ou que [&hellip;]<\/p>\n","protected":false},"featured_media":719934,"comment_status":"open","ping_status":"closed","template":"","meta":[],"product_brand":[],"product_cat":[1756,1762],"product_tag":[],"acf":[],"_links":{"self":[{"href":"https:\/\/streetmarkets.fr\/app\/wp-json\/wp\/v2\/product\/719933"}],"collection":[{"href":"https:\/\/streetmarkets.fr\/app\/wp-json\/wp\/v2\/product"}],"about":[{"href":"https:\/\/streetmarkets.fr\/app\/wp-json\/wp\/v2\/types\/product"}],"replies":[{"embeddable":true,"href":"https:\/\/streetmarkets.fr\/app\/wp-json\/wp\/v2\/comments?post=719933"}],"wp:featuredmedia":[{"embeddable":true,"href":"https:\/\/streetmarkets.fr\/app\/wp-json\/wp\/v2\/media\/719934"}],"wp:attachment":[{"href":"https:\/\/streetmarkets.fr\/app\/wp-json\/wp\/v2\/media?parent=719933"}],"wp:term":[{"taxonomy":"product_brand","embeddable":true,"href":"https:\/\/streetmarkets.fr\/app\/wp-json\/wp\/v2\/product_brand?post=719933"},{"taxonomy":"product_cat","embeddable":true,"href":"https:\/\/streetmarkets.fr\/app\/wp-json\/wp\/v2\/product_cat?post=719933"},{"taxonomy":"product_tag","embeddable":true,"href":"https:\/\/streetmarkets.fr\/app\/wp-json\/wp\/v2\/product_tag?post=719933"}],"curies":[{"name":"wp","href":"https:\/\/api.w.org\/{rel}","templated":true}]}}