{"id":719902,"date":"2024-10-15T18:17:27","date_gmt":"2024-10-15T16:17:27","guid":{"rendered":"https:\/\/streetmarkets.fr\/app\/produit\/maison-hotel-blouse-vega-col-tunisien-imprime-a-pois-noir\/"},"modified":"2024-10-15T18:18:15","modified_gmt":"2024-10-15T16:18:15","slug":"maison-hotel-blouse-vega-col-tunisien-imprime-a-pois-noir","status":"publish","type":"product","link":"https:\/\/streetmarkets.fr\/app\/produit\/maison-hotel-blouse-vega-col-tunisien-imprime-a-pois-noir\/","title":{"rendered":"Maison Hotel &#8211; Blouse VEGA col tunisien imprim\u00e9 \u00e0 pois &#8211; Noir"},"content":{"rendered":"<p>La blouse Vega en Etoile Midnight.Coup\u00e9 dans un tissu viscose lurex ultra doux, ce chemisier \u00e0 col en V simple mais \u00e9l\u00e9gant pr\u00e9sente un d\u00e9licat combo de ficelle et de pompon, un col \u00e0 volants, des manches l\u00e9g\u00e8rement surdimensionn\u00e9es et des poignets boutonn\u00e9s.<\/p>\n<p>Composition:&nbsp;100% Viscose<\/p>\n","protected":false},"excerpt":{"rendered":"<p>La blouse Vega en Etoile Midnight.Coup\u00e9 dans un tissu viscose lurex ultra doux, ce chemisier \u00e0 col en V simple mais \u00e9l\u00e9gant pr\u00e9sente un d\u00e9licat combo de ficelle et de pompon, un col \u00e0 volants, des manches l\u00e9g\u00e8rement surdimensionn\u00e9es et des poignets boutonn\u00e9s. Composition:&nbsp;100% Viscose<\/p>\n","protected":false},"featured_media":719903,"comment_status":"open","ping_status":"closed","template":"","meta":[],"product_brand":[],"product_cat":[1756,1762],"product_tag":[],"acf":[],"_links":{"self":[{"href":"https:\/\/streetmarkets.fr\/app\/wp-json\/wp\/v2\/product\/719902"}],"collection":[{"href":"https:\/\/streetmarkets.fr\/app\/wp-json\/wp\/v2\/product"}],"about":[{"href":"https:\/\/streetmarkets.fr\/app\/wp-json\/wp\/v2\/types\/product"}],"replies":[{"embeddable":true,"href":"https:\/\/streetmarkets.fr\/app\/wp-json\/wp\/v2\/comments?post=719902"}],"wp:featuredmedia":[{"embeddable":true,"href":"https:\/\/streetmarkets.fr\/app\/wp-json\/wp\/v2\/media\/719903"}],"wp:attachment":[{"href":"https:\/\/streetmarkets.fr\/app\/wp-json\/wp\/v2\/media?parent=719902"}],"wp:term":[{"taxonomy":"product_brand","embeddable":true,"href":"https:\/\/streetmarkets.fr\/app\/wp-json\/wp\/v2\/product_brand?post=719902"},{"taxonomy":"product_cat","embeddable":true,"href":"https:\/\/streetmarkets.fr\/app\/wp-json\/wp\/v2\/product_cat?post=719902"},{"taxonomy":"product_tag","embeddable":true,"href":"https:\/\/streetmarkets.fr\/app\/wp-json\/wp\/v2\/product_tag?post=719902"}],"curies":[{"name":"wp","href":"https:\/\/api.w.org\/{rel}","templated":true}]}}