{"id":719882,"date":"2024-10-15T18:17:26","date_gmt":"2024-10-15T16:17:26","guid":{"rendered":"https:\/\/streetmarkets.fr\/app\/produit\/chemise-a-manches-longues-avec-imprime-animalier\/"},"modified":"2024-10-15T18:18:15","modified_gmt":"2024-10-15T16:18:15","slug":"chemise-a-manches-longues-avec-imprime-animalier","status":"publish","type":"product","link":"https:\/\/streetmarkets.fr\/app\/produit\/chemise-a-manches-longues-avec-imprime-animalier\/","title":{"rendered":"Chemise \u00e0 manches longues avec imprim\u00e9 animalier"},"content":{"rendered":"<p>Chemise \u00e0 imprim\u00e9 animalier. Avec col \u00e0 revers et manches longues. Fermeture avant avec boutons. Le mannequin mesure 176 cm et porte une taille S.<\/p>\n<p>COMPOSTION: 100% Viscose.<\/p>\n","protected":false},"excerpt":{"rendered":"<p>Chemise \u00e0 imprim\u00e9 animalier. Avec col \u00e0 revers et manches longues. Fermeture avant avec boutons. Le mannequin mesure 176 cm et porte une taille S. COMPOSTION: 100% Viscose.<\/p>\n","protected":false},"featured_media":719885,"comment_status":"open","ping_status":"closed","template":"","meta":[],"product_brand":[],"product_cat":[1756,1762],"product_tag":[],"acf":[],"_links":{"self":[{"href":"https:\/\/streetmarkets.fr\/app\/wp-json\/wp\/v2\/product\/719882"}],"collection":[{"href":"https:\/\/streetmarkets.fr\/app\/wp-json\/wp\/v2\/product"}],"about":[{"href":"https:\/\/streetmarkets.fr\/app\/wp-json\/wp\/v2\/types\/product"}],"replies":[{"embeddable":true,"href":"https:\/\/streetmarkets.fr\/app\/wp-json\/wp\/v2\/comments?post=719882"}],"wp:featuredmedia":[{"embeddable":true,"href":"https:\/\/streetmarkets.fr\/app\/wp-json\/wp\/v2\/media\/719885"}],"wp:attachment":[{"href":"https:\/\/streetmarkets.fr\/app\/wp-json\/wp\/v2\/media?parent=719882"}],"wp:term":[{"taxonomy":"product_brand","embeddable":true,"href":"https:\/\/streetmarkets.fr\/app\/wp-json\/wp\/v2\/product_brand?post=719882"},{"taxonomy":"product_cat","embeddable":true,"href":"https:\/\/streetmarkets.fr\/app\/wp-json\/wp\/v2\/product_cat?post=719882"},{"taxonomy":"product_tag","embeddable":true,"href":"https:\/\/streetmarkets.fr\/app\/wp-json\/wp\/v2\/product_tag?post=719882"}],"curies":[{"name":"wp","href":"https:\/\/api.w.org\/{rel}","templated":true}]}}