{"id":719768,"date":"2024-10-15T18:16:56","date_gmt":"2024-10-15T16:16:56","guid":{"rendered":"https:\/\/streetmarkets.fr\/app\/produit\/nunoo-helena-florence-silver\/"},"modified":"2024-10-15T18:17:24","modified_gmt":"2024-10-15T16:17:24","slug":"nunoo-helena-florence-silver","status":"publish","type":"product","link":"https:\/\/streetmarkets.fr\/app\/produit\/nunoo-helena-florence-silver\/","title":{"rendered":"N\u00fanoo &#8211; Helena florence silver"},"content":{"rendered":"<p>Sac&nbsp;Helena a un grand compartiment avec une poche int\u00e9rieure, et deux petites poches situ\u00e9es sur le devant. Le sac a des d\u00e9tails argent\u00e9s. Une cha\u00eene et une sangle r\u00e9glable pour le sac sont incluses. Ceux-ci sont amovibles.<\/p>\n<p>Quality: Leather<br \/>Dimensions: H: 10 cm W: 17,5 cm D: 4 cm<\/p>\n<p>Type:Mini bags<\/p>\n<p>Quality:90% Leather \/ 10% Cotton<\/p>\n","protected":false},"excerpt":{"rendered":"<p>Sac&nbsp;Helena a un grand compartiment avec une poche int\u00e9rieure, et deux petites poches situ\u00e9es sur le devant. Le sac a des d\u00e9tails argent\u00e9s. Une cha\u00eene et une sangle r\u00e9glable pour le sac sont incluses. Ceux-ci sont amovibles. Quality: LeatherDimensions: H: 10 cm W: 17,5 cm D: 4 cm Type:Mini bags Quality:90% Leather \/ 10% Cotton<\/p>\n","protected":false},"featured_media":719769,"comment_status":"open","ping_status":"closed","template":"","meta":[],"product_brand":[],"product_cat":[1756,1764],"product_tag":[],"acf":[],"_links":{"self":[{"href":"https:\/\/streetmarkets.fr\/app\/wp-json\/wp\/v2\/product\/719768"}],"collection":[{"href":"https:\/\/streetmarkets.fr\/app\/wp-json\/wp\/v2\/product"}],"about":[{"href":"https:\/\/streetmarkets.fr\/app\/wp-json\/wp\/v2\/types\/product"}],"replies":[{"embeddable":true,"href":"https:\/\/streetmarkets.fr\/app\/wp-json\/wp\/v2\/comments?post=719768"}],"wp:featuredmedia":[{"embeddable":true,"href":"https:\/\/streetmarkets.fr\/app\/wp-json\/wp\/v2\/media\/719769"}],"wp:attachment":[{"href":"https:\/\/streetmarkets.fr\/app\/wp-json\/wp\/v2\/media?parent=719768"}],"wp:term":[{"taxonomy":"product_brand","embeddable":true,"href":"https:\/\/streetmarkets.fr\/app\/wp-json\/wp\/v2\/product_brand?post=719768"},{"taxonomy":"product_cat","embeddable":true,"href":"https:\/\/streetmarkets.fr\/app\/wp-json\/wp\/v2\/product_cat?post=719768"},{"taxonomy":"product_tag","embeddable":true,"href":"https:\/\/streetmarkets.fr\/app\/wp-json\/wp\/v2\/product_tag?post=719768"}],"curies":[{"name":"wp","href":"https:\/\/api.w.org\/{rel}","templated":true}]}}