{"id":719753,"date":"2024-10-15T18:16:55","date_gmt":"2024-10-15T16:16:55","guid":{"rendered":"https:\/\/streetmarkets.fr\/app\/produit\/msch-chisabelle-blazer-olive\/"},"modified":"2024-10-15T18:17:24","modified_gmt":"2024-10-15T16:17:24","slug":"msch-chisabelle-blazer-olive","status":"publish","type":"product","link":"https:\/\/streetmarkets.fr\/app\/produit\/msch-chisabelle-blazer-olive\/","title":{"rendered":"MSCH &#8211; CHIsabelle Blazer &#8211; OLIVE"},"content":{"rendered":"<p>Cette veste en laine de collection limit\u00e9e est une fusion d&#8217;\u00e9l\u00e9gance intemporelle et de f\u00e9minisme moderne. Cette veste pr\u00e9sente une coupe ajust\u00e9e avec une longueur courte, offrant un confort d\u00e9contract\u00e9. Les d\u00e9tails uniques de la coupe ajoutent de l&#8217;exclusivit\u00e9 \u00e0 cette tenue, cr\u00e9ant un look flatteur. Confectionn\u00e9e \u00e0 partir d&#8217;un m\u00e9lange de laine recycl\u00e9e de haute qualit\u00e9, la veste Isabelle offre une sensation luxueuse contre votre peau et de la chaleur pour les journ\u00e9es les plus froides. Que vous le portiez seul avec une jupe assortie pour un look complet, ou comme pi\u00e8ce superpos\u00e9e avec un haut basique et un jean bleu d\u00e9lav\u00e9, c&#8217;est une pi\u00e8ce id\u00e9ale qui cr\u00e9e une silhouette polyvalente et chic.<\/p>\n<p><strong>Composition<\/strong><br \/>Outer part: 50% Recycled Wool, 42% Polyester, 4% Acrylic, 3% Polyamid &amp; 1% Viscose.&nbsp;Click here to read more.<br \/>Inner lining: 100% Polyester<\/p>\n<p><strong>Fitting<\/strong><br \/>This jacket has a short, tailored fit. The model is 173 cm tall and is wearing a size S.<br \/>&nbsp;<\/p>\n<p>&nbsp;<\/p>\n","protected":false},"excerpt":{"rendered":"<p>Cette veste en laine de collection limit\u00e9e est une fusion d&#8217;\u00e9l\u00e9gance intemporelle et de f\u00e9minisme moderne. Cette veste pr\u00e9sente une coupe ajust\u00e9e avec une longueur courte, offrant un confort d\u00e9contract\u00e9. Les d\u00e9tails uniques de la coupe ajoutent de l&#8217;exclusivit\u00e9 \u00e0 cette tenue, cr\u00e9ant un look flatteur. Confectionn\u00e9e \u00e0 partir d&#8217;un m\u00e9lange de laine recycl\u00e9e de [&hellip;]<\/p>\n","protected":false},"featured_media":719754,"comment_status":"open","ping_status":"closed","template":"","meta":[],"product_brand":[],"product_cat":[1756,1762],"product_tag":[],"acf":[],"_links":{"self":[{"href":"https:\/\/streetmarkets.fr\/app\/wp-json\/wp\/v2\/product\/719753"}],"collection":[{"href":"https:\/\/streetmarkets.fr\/app\/wp-json\/wp\/v2\/product"}],"about":[{"href":"https:\/\/streetmarkets.fr\/app\/wp-json\/wp\/v2\/types\/product"}],"replies":[{"embeddable":true,"href":"https:\/\/streetmarkets.fr\/app\/wp-json\/wp\/v2\/comments?post=719753"}],"wp:featuredmedia":[{"embeddable":true,"href":"https:\/\/streetmarkets.fr\/app\/wp-json\/wp\/v2\/media\/719754"}],"wp:attachment":[{"href":"https:\/\/streetmarkets.fr\/app\/wp-json\/wp\/v2\/media?parent=719753"}],"wp:term":[{"taxonomy":"product_brand","embeddable":true,"href":"https:\/\/streetmarkets.fr\/app\/wp-json\/wp\/v2\/product_brand?post=719753"},{"taxonomy":"product_cat","embeddable":true,"href":"https:\/\/streetmarkets.fr\/app\/wp-json\/wp\/v2\/product_cat?post=719753"},{"taxonomy":"product_tag","embeddable":true,"href":"https:\/\/streetmarkets.fr\/app\/wp-json\/wp\/v2\/product_tag?post=719753"}],"curies":[{"name":"wp","href":"https:\/\/api.w.org\/{rel}","templated":true}]}}