{"id":719706,"date":"2024-10-15T18:16:53","date_gmt":"2024-10-15T16:16:53","guid":{"rendered":"https:\/\/streetmarkets.fr\/app\/produit\/manteau-midi-en-flanelle-imprime-a-carreaux\/"},"modified":"2024-10-15T18:17:23","modified_gmt":"2024-10-15T16:17:23","slug":"manteau-midi-en-flanelle-imprime-a-carreaux","status":"publish","type":"product","link":"https:\/\/streetmarkets.fr\/app\/produit\/manteau-midi-en-flanelle-imprime-a-carreaux\/","title":{"rendered":"Manteau midi en flanelle imprim\u00e9 \u00e0 carreaux"},"content":{"rendered":"<p>Manteau midi en flanelle avec imprim\u00e9 \u00e0 carreaux. Avec col \u00e0 revers et manches longues. Fermeture avant avec boutons et poches lat\u00e9rales. Les mannequins portent les tailles S et L.<\/p>\n<p>COMPOSITION : 80% Polyester &nbsp;20% &nbsp;Laine.<\/p>\n<p>ENTRETIEN : Lavage en machine \u00e0 l&#8217;eau froide, ne pas blanchir, ne pas s\u00e9cher au s\u00e8che-linge, suspendre \u00e0 l&#8217;ombre, repasser \u00e0 temp\u00e9rature interne maximale de 110\u00ba, laver avec des couleurs similaires.<\/p>\n","protected":false},"excerpt":{"rendered":"<p>Manteau midi en flanelle avec imprim\u00e9 \u00e0 carreaux. Avec col \u00e0 revers et manches longues. Fermeture avant avec boutons et poches lat\u00e9rales. Les mannequins portent les tailles S et L. COMPOSITION : 80% Polyester &nbsp;20% &nbsp;Laine. ENTRETIEN : Lavage en machine \u00e0 l&#8217;eau froide, ne pas blanchir, ne pas s\u00e9cher au s\u00e8che-linge, suspendre \u00e0 l&#8217;ombre, [&hellip;]<\/p>\n","protected":false},"featured_media":719707,"comment_status":"open","ping_status":"closed","template":"","meta":[],"product_brand":[],"product_cat":[1756,1762],"product_tag":[],"acf":[],"_links":{"self":[{"href":"https:\/\/streetmarkets.fr\/app\/wp-json\/wp\/v2\/product\/719706"}],"collection":[{"href":"https:\/\/streetmarkets.fr\/app\/wp-json\/wp\/v2\/product"}],"about":[{"href":"https:\/\/streetmarkets.fr\/app\/wp-json\/wp\/v2\/types\/product"}],"replies":[{"embeddable":true,"href":"https:\/\/streetmarkets.fr\/app\/wp-json\/wp\/v2\/comments?post=719706"}],"wp:featuredmedia":[{"embeddable":true,"href":"https:\/\/streetmarkets.fr\/app\/wp-json\/wp\/v2\/media\/719707"}],"wp:attachment":[{"href":"https:\/\/streetmarkets.fr\/app\/wp-json\/wp\/v2\/media?parent=719706"}],"wp:term":[{"taxonomy":"product_brand","embeddable":true,"href":"https:\/\/streetmarkets.fr\/app\/wp-json\/wp\/v2\/product_brand?post=719706"},{"taxonomy":"product_cat","embeddable":true,"href":"https:\/\/streetmarkets.fr\/app\/wp-json\/wp\/v2\/product_cat?post=719706"},{"taxonomy":"product_tag","embeddable":true,"href":"https:\/\/streetmarkets.fr\/app\/wp-json\/wp\/v2\/product_tag?post=719706"}],"curies":[{"name":"wp","href":"https:\/\/api.w.org\/{rel}","templated":true}]}}