{"id":719692,"date":"2024-10-15T18:16:53","date_gmt":"2024-10-15T16:16:53","guid":{"rendered":"https:\/\/streetmarkets.fr\/app\/produit\/dph-veste-evada-pickle\/"},"modified":"2024-10-15T18:17:23","modified_gmt":"2024-10-15T16:17:23","slug":"dph-veste-evada-pickle","status":"publish","type":"product","link":"https:\/\/streetmarkets.fr\/app\/produit\/dph-veste-evada-pickle\/","title":{"rendered":"DPH &#8211; VESTE EVADA PICKLE"},"content":{"rendered":"<p>La veste de tailleur femme prend la forme d&#8217;un blazer masculin pour l&#8217;automne. En laine chaude imprim\u00e9e de chevrons, coupe oversize, \u00e9paulettes et poches \u00e0 rabat structurent ce mod\u00e8le \u00e0 porter comme un manteau de mi-saison par dessus vos pulls Des Petits Hauts.<br \/>\u2022 Veste tailleur oversize<br \/>\u2022 Manches longues \u00e0 \u00e9paulettes<br \/>\u2022 Poignets boutonn\u00e9s<br \/>\u2022 Col tailleur<br \/>\u2022 Ouverture boutonn\u00e9e<br \/>\u2022 Vraies poches \u00e0 rabat<br \/>\u2022 Imprim\u00e9 exclusif Des Petits Hauts &#8220;Pickle&#8221; : un motif chevron vert kaki<br \/>\u2022 Mod\u00e8le dessin\u00e9 \u00e0 Paris par notre styliste<br \/>\u2022 Longueur : 74,5 cm pour une taille 1<br \/>\u2022 Martina mesure 1m71 et porte une taille 1<\/p>\n<p>&nbsp;<\/p>\n<p>COMPOSITION<\/p>\n<p>100% LAINE<\/p>\n<p>Fabriqu\u00e9 au Maroc<\/p>\n","protected":false},"excerpt":{"rendered":"<p>La veste de tailleur femme prend la forme d&#8217;un blazer masculin pour l&#8217;automne. En laine chaude imprim\u00e9e de chevrons, coupe oversize, \u00e9paulettes et poches \u00e0 rabat structurent ce mod\u00e8le \u00e0 porter comme un manteau de mi-saison par dessus vos pulls Des Petits Hauts.\u2022 Veste tailleur oversize\u2022 Manches longues \u00e0 \u00e9paulettes\u2022 Poignets boutonn\u00e9s\u2022 Col tailleur\u2022 Ouverture [&hellip;]<\/p>\n","protected":false},"featured_media":719693,"comment_status":"open","ping_status":"closed","template":"","meta":[],"product_brand":[],"product_cat":[1756,1762],"product_tag":[],"acf":[],"_links":{"self":[{"href":"https:\/\/streetmarkets.fr\/app\/wp-json\/wp\/v2\/product\/719692"}],"collection":[{"href":"https:\/\/streetmarkets.fr\/app\/wp-json\/wp\/v2\/product"}],"about":[{"href":"https:\/\/streetmarkets.fr\/app\/wp-json\/wp\/v2\/types\/product"}],"replies":[{"embeddable":true,"href":"https:\/\/streetmarkets.fr\/app\/wp-json\/wp\/v2\/comments?post=719692"}],"wp:featuredmedia":[{"embeddable":true,"href":"https:\/\/streetmarkets.fr\/app\/wp-json\/wp\/v2\/media\/719693"}],"wp:attachment":[{"href":"https:\/\/streetmarkets.fr\/app\/wp-json\/wp\/v2\/media?parent=719692"}],"wp:term":[{"taxonomy":"product_brand","embeddable":true,"href":"https:\/\/streetmarkets.fr\/app\/wp-json\/wp\/v2\/product_brand?post=719692"},{"taxonomy":"product_cat","embeddable":true,"href":"https:\/\/streetmarkets.fr\/app\/wp-json\/wp\/v2\/product_cat?post=719692"},{"taxonomy":"product_tag","embeddable":true,"href":"https:\/\/streetmarkets.fr\/app\/wp-json\/wp\/v2\/product_tag?post=719692"}],"curies":[{"name":"wp","href":"https:\/\/api.w.org\/{rel}","templated":true}]}}