{"id":719626,"date":"2024-10-15T18:16:50","date_gmt":"2024-10-15T16:16:50","guid":{"rendered":"https:\/\/streetmarkets.fr\/app\/produit\/orfeo-robe-lily-bleu\/"},"modified":"2024-10-15T18:17:22","modified_gmt":"2024-10-15T16:17:22","slug":"orfeo-robe-lily-bleu","status":"publish","type":"product","link":"https:\/\/streetmarkets.fr\/app\/produit\/orfeo-robe-lily-bleu\/","title":{"rendered":"ORFEO &#8211; Robe LILY Bleu"},"content":{"rendered":"<p>La robe mi-longue LILY est boutonn\u00e9es avec col en V.<\/p>\n<p>Description :<\/p>\n<p>&#8211; Robe mi-longue<\/p>\n<p>&#8211; Sans manche<\/p>\n<p>&#8211; Col V<\/p>\n<p>&nbsp;&#8211; Pliss\u00e9e \u00e0 la taille<\/p>\n<p>Composition et d\u00e9tails :<\/p>\n<p>VIOLET\/BLEU\/CARDONE<\/p>\n<p>&#8211; 70%RAYONNE<\/p>\n<p>&#8211; 30%POLYESTER&nbsp;<\/p>\n","protected":false},"excerpt":{"rendered":"<p>La robe mi-longue LILY est boutonn\u00e9es avec col en V. Description : &#8211; Robe mi-longue &#8211; Sans manche &#8211; Col V &nbsp;&#8211; Pliss\u00e9e \u00e0 la taille Composition et d\u00e9tails : VIOLET\/BLEU\/CARDONE &#8211; 70%RAYONNE &#8211; 30%POLYESTER&nbsp;<\/p>\n","protected":false},"featured_media":719627,"comment_status":"open","ping_status":"closed","template":"","meta":[],"product_brand":[],"product_cat":[1756,1762],"product_tag":[],"acf":[],"_links":{"self":[{"href":"https:\/\/streetmarkets.fr\/app\/wp-json\/wp\/v2\/product\/719626"}],"collection":[{"href":"https:\/\/streetmarkets.fr\/app\/wp-json\/wp\/v2\/product"}],"about":[{"href":"https:\/\/streetmarkets.fr\/app\/wp-json\/wp\/v2\/types\/product"}],"replies":[{"embeddable":true,"href":"https:\/\/streetmarkets.fr\/app\/wp-json\/wp\/v2\/comments?post=719626"}],"wp:featuredmedia":[{"embeddable":true,"href":"https:\/\/streetmarkets.fr\/app\/wp-json\/wp\/v2\/media\/719627"}],"wp:attachment":[{"href":"https:\/\/streetmarkets.fr\/app\/wp-json\/wp\/v2\/media?parent=719626"}],"wp:term":[{"taxonomy":"product_brand","embeddable":true,"href":"https:\/\/streetmarkets.fr\/app\/wp-json\/wp\/v2\/product_brand?post=719626"},{"taxonomy":"product_cat","embeddable":true,"href":"https:\/\/streetmarkets.fr\/app\/wp-json\/wp\/v2\/product_cat?post=719626"},{"taxonomy":"product_tag","embeddable":true,"href":"https:\/\/streetmarkets.fr\/app\/wp-json\/wp\/v2\/product_tag?post=719626"}],"curies":[{"name":"wp","href":"https:\/\/api.w.org\/{rel}","templated":true}]}}