{"id":719602,"date":"2024-10-15T18:16:49","date_gmt":"2024-10-15T16:16:49","guid":{"rendered":"https:\/\/streetmarkets.fr\/app\/produit\/maison-hotel-didi-dress-bandhani-spring-kulfi\/"},"modified":"2024-10-15T18:17:21","modified_gmt":"2024-10-15T16:17:21","slug":"maison-hotel-didi-dress-bandhani-spring-kulfi","status":"publish","type":"product","link":"https:\/\/streetmarkets.fr\/app\/produit\/maison-hotel-didi-dress-bandhani-spring-kulfi\/","title":{"rendered":"Maison Hotel &#8211; Didi Dress &#8211; Bandhani Spring Kulfi"},"content":{"rendered":"<p>-La robe Didi dans notre r\u00e9plique tie-dye &#8216;Bandhani Spring&#8217;.<\/p>\n<p>Confectionn\u00e9e en bambula de coton super doux, la robe longue Didi a une silhouette d\u00e9contract\u00e9e, des poignets \u00e9lastiques et comprend une doublure int\u00e9rieure s\u00e9par\u00e9e.<\/p>\n<p>Associez-le \u00e0 l&#8217;une de nos r\u00e9pliques de gilets vintage, comme illustr\u00e9 ici.<\/p>\n<p>&nbsp;<\/p>\n<p>-100% Coton.<\/p>\n<p>&nbsp;<\/p>\n<p>Nous recommandons le lavage \u00e0 la main uniquement.<\/p>\n<p>Fid\u00e8le \u00e0 sa taille &#8211; choisissez votre taille habituelle.<\/p>\n<p>Si vous \u00eates entre deux tailles, choisissez la petite taille.<\/p>\n<p>Le mannequin mesure 1,78cm et porte une taille S.<\/p>\n<p>La longueur totale est de 133cm en taille S.<\/p>\n","protected":false},"excerpt":{"rendered":"<p>-La robe Didi dans notre r\u00e9plique tie-dye &#8216;Bandhani Spring&#8217;. Confectionn\u00e9e en bambula de coton super doux, la robe longue Didi a une silhouette d\u00e9contract\u00e9e, des poignets \u00e9lastiques et comprend une doublure int\u00e9rieure s\u00e9par\u00e9e. Associez-le \u00e0 l&#8217;une de nos r\u00e9pliques de gilets vintage, comme illustr\u00e9 ici. &nbsp; -100% Coton. &nbsp; Nous recommandons le lavage \u00e0 la [&hellip;]<\/p>\n","protected":false},"featured_media":719603,"comment_status":"open","ping_status":"closed","template":"","meta":[],"product_brand":[],"product_cat":[1756,1762],"product_tag":[],"acf":[],"_links":{"self":[{"href":"https:\/\/streetmarkets.fr\/app\/wp-json\/wp\/v2\/product\/719602"}],"collection":[{"href":"https:\/\/streetmarkets.fr\/app\/wp-json\/wp\/v2\/product"}],"about":[{"href":"https:\/\/streetmarkets.fr\/app\/wp-json\/wp\/v2\/types\/product"}],"replies":[{"embeddable":true,"href":"https:\/\/streetmarkets.fr\/app\/wp-json\/wp\/v2\/comments?post=719602"}],"wp:featuredmedia":[{"embeddable":true,"href":"https:\/\/streetmarkets.fr\/app\/wp-json\/wp\/v2\/media\/719603"}],"wp:attachment":[{"href":"https:\/\/streetmarkets.fr\/app\/wp-json\/wp\/v2\/media?parent=719602"}],"wp:term":[{"taxonomy":"product_brand","embeddable":true,"href":"https:\/\/streetmarkets.fr\/app\/wp-json\/wp\/v2\/product_brand?post=719602"},{"taxonomy":"product_cat","embeddable":true,"href":"https:\/\/streetmarkets.fr\/app\/wp-json\/wp\/v2\/product_cat?post=719602"},{"taxonomy":"product_tag","embeddable":true,"href":"https:\/\/streetmarkets.fr\/app\/wp-json\/wp\/v2\/product_tag?post=719602"}],"curies":[{"name":"wp","href":"https:\/\/api.w.org\/{rel}","templated":true}]}}