{"id":719589,"date":"2024-10-15T18:16:49","date_gmt":"2024-10-15T16:16:49","guid":{"rendered":"https:\/\/streetmarkets.fr\/app\/produit\/sweat-shirt-en-peluche-a-imprime-animal\/"},"modified":"2024-10-15T18:17:21","modified_gmt":"2024-10-15T16:17:21","slug":"sweat-shirt-en-peluche-a-imprime-animal","status":"publish","type":"product","link":"https:\/\/streetmarkets.fr\/app\/produit\/sweat-shirt-en-peluche-a-imprime-animal\/","title":{"rendered":"SWEAT-SHIRT EN PELUCHE \u00c0 IMPRIM\u00c9 ANIMAL"},"content":{"rendered":"<p>Sweat-shirt en coton peluche imprim\u00e9 chat. Col rond et manches longues. D\u00e9tail bord-c\u00f4te. Le mannequin mesure 175 cm et porte une taille S.<\/p>\n<p>COMPOSITION: 100% Cotton.<\/p>\n","protected":false},"excerpt":{"rendered":"<p>Sweat-shirt en coton peluche imprim\u00e9 chat. Col rond et manches longues. D\u00e9tail bord-c\u00f4te. Le mannequin mesure 175 cm et porte une taille S. COMPOSITION: 100% Cotton.<\/p>\n","protected":false},"featured_media":719590,"comment_status":"open","ping_status":"closed","template":"","meta":[],"product_brand":[],"product_cat":[1756,1762],"product_tag":[],"acf":[],"_links":{"self":[{"href":"https:\/\/streetmarkets.fr\/app\/wp-json\/wp\/v2\/product\/719589"}],"collection":[{"href":"https:\/\/streetmarkets.fr\/app\/wp-json\/wp\/v2\/product"}],"about":[{"href":"https:\/\/streetmarkets.fr\/app\/wp-json\/wp\/v2\/types\/product"}],"replies":[{"embeddable":true,"href":"https:\/\/streetmarkets.fr\/app\/wp-json\/wp\/v2\/comments?post=719589"}],"wp:featuredmedia":[{"embeddable":true,"href":"https:\/\/streetmarkets.fr\/app\/wp-json\/wp\/v2\/media\/719590"}],"wp:attachment":[{"href":"https:\/\/streetmarkets.fr\/app\/wp-json\/wp\/v2\/media?parent=719589"}],"wp:term":[{"taxonomy":"product_brand","embeddable":true,"href":"https:\/\/streetmarkets.fr\/app\/wp-json\/wp\/v2\/product_brand?post=719589"},{"taxonomy":"product_cat","embeddable":true,"href":"https:\/\/streetmarkets.fr\/app\/wp-json\/wp\/v2\/product_cat?post=719589"},{"taxonomy":"product_tag","embeddable":true,"href":"https:\/\/streetmarkets.fr\/app\/wp-json\/wp\/v2\/product_tag?post=719589"}],"curies":[{"name":"wp","href":"https:\/\/api.w.org\/{rel}","templated":true}]}}