{"id":719571,"date":"2024-10-15T18:16:48","date_gmt":"2024-10-15T16:16:48","guid":{"rendered":"https:\/\/streetmarkets.fr\/app\/produit\/combinaison-lenzing-ecovero-en-viscose-a-imprime-fleuri\/"},"modified":"2024-10-15T18:17:21","modified_gmt":"2024-10-15T16:17:21","slug":"combinaison-lenzing-ecovero-en-viscose-a-imprime-fleuri","status":"publish","type":"product","link":"https:\/\/streetmarkets.fr\/app\/produit\/combinaison-lenzing-ecovero-en-viscose-a-imprime-fleuri\/","title":{"rendered":"Combinaison LENZING\u2122 ECOVERO\u2122 en viscose \u00e0 imprim\u00e9 fleuri"},"content":{"rendered":"<p>Combinaison LENZING\u2122 ECOVERO\u2122 en viscose imprim\u00e9 fleuri.<\/p>\n<p>Col chemise et sans manches. Taille \u00e9lastiqu\u00e9e.<\/p>\n<p>Boutons et ceinture devant. D\u00e9tail fente en forme de V au dos.<\/p>\n<p>Le mannequin mesure 177 cm et porte une taille S.<\/p>\n<p>COMPOSITION: 100% Viscose.<\/p>\n","protected":false},"excerpt":{"rendered":"<p>Combinaison LENZING\u2122 ECOVERO\u2122 en viscose imprim\u00e9 fleuri. Col chemise et sans manches. Taille \u00e9lastiqu\u00e9e. Boutons et ceinture devant. D\u00e9tail fente en forme de V au dos. Le mannequin mesure 177 cm et porte une taille S. COMPOSITION: 100% Viscose.<\/p>\n","protected":false},"featured_media":719573,"comment_status":"open","ping_status":"closed","template":"","meta":[],"product_brand":[],"product_cat":[1756,1762],"product_tag":[1810],"acf":[],"_links":{"self":[{"href":"https:\/\/streetmarkets.fr\/app\/wp-json\/wp\/v2\/product\/719571"}],"collection":[{"href":"https:\/\/streetmarkets.fr\/app\/wp-json\/wp\/v2\/product"}],"about":[{"href":"https:\/\/streetmarkets.fr\/app\/wp-json\/wp\/v2\/types\/product"}],"replies":[{"embeddable":true,"href":"https:\/\/streetmarkets.fr\/app\/wp-json\/wp\/v2\/comments?post=719571"}],"wp:featuredmedia":[{"embeddable":true,"href":"https:\/\/streetmarkets.fr\/app\/wp-json\/wp\/v2\/media\/719573"}],"wp:attachment":[{"href":"https:\/\/streetmarkets.fr\/app\/wp-json\/wp\/v2\/media?parent=719571"}],"wp:term":[{"taxonomy":"product_brand","embeddable":true,"href":"https:\/\/streetmarkets.fr\/app\/wp-json\/wp\/v2\/product_brand?post=719571"},{"taxonomy":"product_cat","embeddable":true,"href":"https:\/\/streetmarkets.fr\/app\/wp-json\/wp\/v2\/product_cat?post=719571"},{"taxonomy":"product_tag","embeddable":true,"href":"https:\/\/streetmarkets.fr\/app\/wp-json\/wp\/v2\/product_tag?post=719571"}],"curies":[{"name":"wp","href":"https:\/\/api.w.org\/{rel}","templated":true}]}}