{"id":719405,"date":"2024-10-15T18:16:39","date_gmt":"2024-10-15T16:16:39","guid":{"rendered":"https:\/\/streetmarkets.fr\/app\/produit\/robe-midi-manche-francaise-et-imprime-pois\/"},"modified":"2024-10-15T18:17:20","modified_gmt":"2024-10-15T16:17:20","slug":"robe-midi-manche-francaise-et-imprime-pois","status":"publish","type":"product","link":"https:\/\/streetmarkets.fr\/app\/produit\/robe-midi-manche-francaise-et-imprime-pois\/","title":{"rendered":"ROBE MIDI MANCHE FRAN\u00c7AISE ET IMPRIM\u00c9 POIS"},"content":{"rendered":"<p>Robe midi \u00e0 imprim\u00e9 pois. Avec une encolure droite et des manches bouffantes avec une ouverture \u00e9lastiqu\u00e9e. Coupe \u00e0 la taille. D\u00e9tail en nid d&#8217;abeille sur la poitrine et le dos. Poches lat\u00e9rales. Le mannequin mesure 175 cm et porte une taille S.<\/p>\n<p>COMPOSITION: 100%&nbsp;Viscose<\/p>\n","protected":false},"excerpt":{"rendered":"<p>Robe midi \u00e0 imprim\u00e9 pois. Avec une encolure droite et des manches bouffantes avec une ouverture \u00e9lastiqu\u00e9e. Coupe \u00e0 la taille. D\u00e9tail en nid d&#8217;abeille sur la poitrine et le dos. Poches lat\u00e9rales. Le mannequin mesure 175 cm et porte une taille S. COMPOSITION: 100%&nbsp;Viscose<\/p>\n","protected":false},"featured_media":719406,"comment_status":"open","ping_status":"closed","template":"","meta":[],"product_brand":[],"product_cat":[1756,1762],"product_tag":[],"acf":[],"_links":{"self":[{"href":"https:\/\/streetmarkets.fr\/app\/wp-json\/wp\/v2\/product\/719405"}],"collection":[{"href":"https:\/\/streetmarkets.fr\/app\/wp-json\/wp\/v2\/product"}],"about":[{"href":"https:\/\/streetmarkets.fr\/app\/wp-json\/wp\/v2\/types\/product"}],"replies":[{"embeddable":true,"href":"https:\/\/streetmarkets.fr\/app\/wp-json\/wp\/v2\/comments?post=719405"}],"wp:featuredmedia":[{"embeddable":true,"href":"https:\/\/streetmarkets.fr\/app\/wp-json\/wp\/v2\/media\/719406"}],"wp:attachment":[{"href":"https:\/\/streetmarkets.fr\/app\/wp-json\/wp\/v2\/media?parent=719405"}],"wp:term":[{"taxonomy":"product_brand","embeddable":true,"href":"https:\/\/streetmarkets.fr\/app\/wp-json\/wp\/v2\/product_brand?post=719405"},{"taxonomy":"product_cat","embeddable":true,"href":"https:\/\/streetmarkets.fr\/app\/wp-json\/wp\/v2\/product_cat?post=719405"},{"taxonomy":"product_tag","embeddable":true,"href":"https:\/\/streetmarkets.fr\/app\/wp-json\/wp\/v2\/product_tag?post=719405"}],"curies":[{"name":"wp","href":"https:\/\/api.w.org\/{rel}","templated":true}]}}