{"id":719353,"date":"2024-10-15T18:16:37","date_gmt":"2024-10-15T16:16:37","guid":{"rendered":"https:\/\/streetmarkets.fr\/app\/produit\/msch-vendela-rachelle-rib-dress\/"},"modified":"2024-10-15T18:17:20","modified_gmt":"2024-10-15T16:17:20","slug":"msch-vendela-rachelle-rib-dress","status":"publish","type":"product","link":"https:\/\/streetmarkets.fr\/app\/produit\/msch-vendela-rachelle-rib-dress\/","title":{"rendered":"MSCH &#8211; Vendela Rachelle Rib Dress"},"content":{"rendered":"<p>Robe c\u00f4tel\u00e9e<\/p>\n<p>&#8211; Manches bouffantes<\/p>\n<p>&#8211; Col rond<\/p>\n<p>&#8211; Longueur sous le genou<\/p>\n<p>&#8211; Composition : 52% Viscose Ecovero, 28% Polyester &amp; 20% Nylon \u00c0 propos de Lenzing Ecovero Viscose<\/p>\n<p>&#8211; Fabriqu\u00e9 \u00e0 partir de bois r\u00e9colt\u00e9 \u00e0 partir de sources responsables, o\u00f9 de nouveaux arbres sont plant\u00e9s \u00e0 la m\u00eame vitesse et o\u00f9 les droits des travailleurs sont prioritaires. &#8211; Produit en circuit ferm\u00e9, o\u00f9 il est possible de r\u00e9utiliser presque 100% des produits chimiques ainsi que de l&#8217;eau &#8211; Ecovero est certifi\u00e9 par l&#8217;\u00e9colabel europ\u00e9en comme r\u00e9pondant \u00e0 des normes environnementales \u00e9lev\u00e9es tout au long de son cycle de vie : de l&#8217;extraction des mati\u00e8res premi\u00e8res \u00e0 la production, la distribution et l&#8217;\u00e9limination.<\/p>\n","protected":false},"excerpt":{"rendered":"<p>Robe c\u00f4tel\u00e9e &#8211; Manches bouffantes &#8211; Col rond &#8211; Longueur sous le genou &#8211; Composition : 52% Viscose Ecovero, 28% Polyester &amp; 20% Nylon \u00c0 propos de Lenzing Ecovero Viscose &#8211; Fabriqu\u00e9 \u00e0 partir de bois r\u00e9colt\u00e9 \u00e0 partir de sources responsables, o\u00f9 de nouveaux arbres sont plant\u00e9s \u00e0 la m\u00eame vitesse et o\u00f9 les [&hellip;]<\/p>\n","protected":false},"featured_media":719354,"comment_status":"open","ping_status":"closed","template":"","meta":[],"product_brand":[],"product_cat":[1756,1762],"product_tag":[],"acf":[],"_links":{"self":[{"href":"https:\/\/streetmarkets.fr\/app\/wp-json\/wp\/v2\/product\/719353"}],"collection":[{"href":"https:\/\/streetmarkets.fr\/app\/wp-json\/wp\/v2\/product"}],"about":[{"href":"https:\/\/streetmarkets.fr\/app\/wp-json\/wp\/v2\/types\/product"}],"replies":[{"embeddable":true,"href":"https:\/\/streetmarkets.fr\/app\/wp-json\/wp\/v2\/comments?post=719353"}],"wp:featuredmedia":[{"embeddable":true,"href":"https:\/\/streetmarkets.fr\/app\/wp-json\/wp\/v2\/media\/719354"}],"wp:attachment":[{"href":"https:\/\/streetmarkets.fr\/app\/wp-json\/wp\/v2\/media?parent=719353"}],"wp:term":[{"taxonomy":"product_brand","embeddable":true,"href":"https:\/\/streetmarkets.fr\/app\/wp-json\/wp\/v2\/product_brand?post=719353"},{"taxonomy":"product_cat","embeddable":true,"href":"https:\/\/streetmarkets.fr\/app\/wp-json\/wp\/v2\/product_cat?post=719353"},{"taxonomy":"product_tag","embeddable":true,"href":"https:\/\/streetmarkets.fr\/app\/wp-json\/wp\/v2\/product_tag?post=719353"}],"curies":[{"name":"wp","href":"https:\/\/api.w.org\/{rel}","templated":true}]}}