{"id":719190,"date":"2024-10-15T18:16:02","date_gmt":"2024-10-15T16:16:02","guid":{"rendered":"https:\/\/streetmarkets.fr\/app\/produit\/robe-tunique-midi-imprime-fleuri\/"},"modified":"2024-10-15T18:16:33","modified_gmt":"2024-10-15T16:16:33","slug":"robe-tunique-midi-imprime-fleuri","status":"publish","type":"product","link":"https:\/\/streetmarkets.fr\/app\/produit\/robe-tunique-midi-imprime-fleuri\/","title":{"rendered":"ROBE TUNIQUE MIDI IMPRIM\u00c9 FLEURI"},"content":{"rendered":"<p>Robe tunique midi en voile de coton imprim\u00e9 fleuri.<\/p>\n<p>Col rond et manches longues termin\u00e9es par des poignets.<\/p>\n<p>Boutons devant.<\/p>\n<p>D\u00e9tail de volants. Le mannequin mesure 173 cm et porte une taille S.<\/p>\n<p>COMPOSITION: 100% Cotton.<\/p>\n","protected":false},"excerpt":{"rendered":"<p>Robe tunique midi en voile de coton imprim\u00e9 fleuri. Col rond et manches longues termin\u00e9es par des poignets. Boutons devant. D\u00e9tail de volants. Le mannequin mesure 173 cm et porte une taille S. COMPOSITION: 100% Cotton.<\/p>\n","protected":false},"featured_media":719191,"comment_status":"open","ping_status":"closed","template":"","meta":[],"product_brand":[],"product_cat":[1756,1758],"product_tag":[],"acf":[],"_links":{"self":[{"href":"https:\/\/streetmarkets.fr\/app\/wp-json\/wp\/v2\/product\/719190"}],"collection":[{"href":"https:\/\/streetmarkets.fr\/app\/wp-json\/wp\/v2\/product"}],"about":[{"href":"https:\/\/streetmarkets.fr\/app\/wp-json\/wp\/v2\/types\/product"}],"replies":[{"embeddable":true,"href":"https:\/\/streetmarkets.fr\/app\/wp-json\/wp\/v2\/comments?post=719190"}],"wp:featuredmedia":[{"embeddable":true,"href":"https:\/\/streetmarkets.fr\/app\/wp-json\/wp\/v2\/media\/719191"}],"wp:attachment":[{"href":"https:\/\/streetmarkets.fr\/app\/wp-json\/wp\/v2\/media?parent=719190"}],"wp:term":[{"taxonomy":"product_brand","embeddable":true,"href":"https:\/\/streetmarkets.fr\/app\/wp-json\/wp\/v2\/product_brand?post=719190"},{"taxonomy":"product_cat","embeddable":true,"href":"https:\/\/streetmarkets.fr\/app\/wp-json\/wp\/v2\/product_cat?post=719190"},{"taxonomy":"product_tag","embeddable":true,"href":"https:\/\/streetmarkets.fr\/app\/wp-json\/wp\/v2\/product_tag?post=719190"}],"curies":[{"name":"wp","href":"https:\/\/api.w.org\/{rel}","templated":true}]}}