{"id":719182,"date":"2024-10-15T18:16:01","date_gmt":"2024-10-15T16:16:01","guid":{"rendered":"https:\/\/streetmarkets.fr\/app\/produit\/robe-midi-imprime-floral-2\/"},"modified":"2024-10-15T18:16:33","modified_gmt":"2024-10-15T16:16:33","slug":"robe-midi-imprime-floral-2","status":"publish","type":"product","link":"https:\/\/streetmarkets.fr\/app\/produit\/robe-midi-imprime-floral-2\/","title":{"rendered":"ROBE MIDI IMPRIM\u00c9 FLORAL"},"content":{"rendered":"<p>Robe midi \u00e0 imprim\u00e9 fleuri.<\/p>\n<p>Col \u00e0 revers et manches courtes.<\/p>\n<p>Boutons et ceinture devant. Poches lat\u00e9rales.<\/p>\n<p>Le mannequin mesure 177 cm et porte une taille S<\/p>\n<p>COMPOSITION: 100% Cotton.<\/p>\n<p>&nbsp;<\/p>\n<p>&nbsp;<\/p>\n","protected":false},"excerpt":{"rendered":"<p>Robe midi \u00e0 imprim\u00e9 fleuri. Col \u00e0 revers et manches courtes. Boutons et ceinture devant. Poches lat\u00e9rales. Le mannequin mesure 177 cm et porte une taille S COMPOSITION: 100% Cotton. &nbsp; &nbsp;<\/p>\n","protected":false},"featured_media":719183,"comment_status":"open","ping_status":"closed","template":"","meta":[],"product_brand":[],"product_cat":[1756,1758],"product_tag":[],"acf":[],"_links":{"self":[{"href":"https:\/\/streetmarkets.fr\/app\/wp-json\/wp\/v2\/product\/719182"}],"collection":[{"href":"https:\/\/streetmarkets.fr\/app\/wp-json\/wp\/v2\/product"}],"about":[{"href":"https:\/\/streetmarkets.fr\/app\/wp-json\/wp\/v2\/types\/product"}],"replies":[{"embeddable":true,"href":"https:\/\/streetmarkets.fr\/app\/wp-json\/wp\/v2\/comments?post=719182"}],"wp:featuredmedia":[{"embeddable":true,"href":"https:\/\/streetmarkets.fr\/app\/wp-json\/wp\/v2\/media\/719183"}],"wp:attachment":[{"href":"https:\/\/streetmarkets.fr\/app\/wp-json\/wp\/v2\/media?parent=719182"}],"wp:term":[{"taxonomy":"product_brand","embeddable":true,"href":"https:\/\/streetmarkets.fr\/app\/wp-json\/wp\/v2\/product_brand?post=719182"},{"taxonomy":"product_cat","embeddable":true,"href":"https:\/\/streetmarkets.fr\/app\/wp-json\/wp\/v2\/product_cat?post=719182"},{"taxonomy":"product_tag","embeddable":true,"href":"https:\/\/streetmarkets.fr\/app\/wp-json\/wp\/v2\/product_tag?post=719182"}],"curies":[{"name":"wp","href":"https:\/\/api.w.org\/{rel}","templated":true}]}}