{"id":718988,"date":"2024-10-15T18:15:51","date_gmt":"2024-10-15T16:15:51","guid":{"rendered":"https:\/\/streetmarkets.fr\/app\/produit\/robe-midi-imprime-floral-daisy\/"},"modified":"2024-10-15T18:16:31","modified_gmt":"2024-10-15T16:16:31","slug":"robe-midi-imprime-floral-daisy","status":"publish","type":"product","link":"https:\/\/streetmarkets.fr\/app\/produit\/robe-midi-imprime-floral-daisy\/","title":{"rendered":"ROBE MIDI IMPRIM\u00c9 FLORAL DAISY"},"content":{"rendered":"<p>Robe midi trap\u00e8ze \u00e0 imprim\u00e9 fleuri marguerite. Avec col chemise et manches longues. Fermeture avant avec boutons. Le mannequin mesure 177 cm et porte une taille S<\/p>\n","protected":false},"excerpt":{"rendered":"<p>Robe midi trap\u00e8ze \u00e0 imprim\u00e9 fleuri marguerite. Avec col chemise et manches longues. Fermeture avant avec boutons. Le mannequin mesure 177 cm et porte une taille S<\/p>\n","protected":false},"featured_media":718989,"comment_status":"open","ping_status":"closed","template":"","meta":[],"product_brand":[],"product_cat":[1756,1758],"product_tag":[],"acf":[],"_links":{"self":[{"href":"https:\/\/streetmarkets.fr\/app\/wp-json\/wp\/v2\/product\/718988"}],"collection":[{"href":"https:\/\/streetmarkets.fr\/app\/wp-json\/wp\/v2\/product"}],"about":[{"href":"https:\/\/streetmarkets.fr\/app\/wp-json\/wp\/v2\/types\/product"}],"replies":[{"embeddable":true,"href":"https:\/\/streetmarkets.fr\/app\/wp-json\/wp\/v2\/comments?post=718988"}],"wp:featuredmedia":[{"embeddable":true,"href":"https:\/\/streetmarkets.fr\/app\/wp-json\/wp\/v2\/media\/718989"}],"wp:attachment":[{"href":"https:\/\/streetmarkets.fr\/app\/wp-json\/wp\/v2\/media?parent=718988"}],"wp:term":[{"taxonomy":"product_brand","embeddable":true,"href":"https:\/\/streetmarkets.fr\/app\/wp-json\/wp\/v2\/product_brand?post=718988"},{"taxonomy":"product_cat","embeddable":true,"href":"https:\/\/streetmarkets.fr\/app\/wp-json\/wp\/v2\/product_cat?post=718988"},{"taxonomy":"product_tag","embeddable":true,"href":"https:\/\/streetmarkets.fr\/app\/wp-json\/wp\/v2\/product_tag?post=718988"}],"curies":[{"name":"wp","href":"https:\/\/api.w.org\/{rel}","templated":true}]}}