{"id":718946,"date":"2024-10-15T18:15:50","date_gmt":"2024-10-15T16:15:50","guid":{"rendered":"https:\/\/streetmarkets.fr\/app\/produit\/jupe-midi-imprime-patchwork\/"},"modified":"2024-10-15T18:16:31","modified_gmt":"2024-10-15T16:16:31","slug":"jupe-midi-imprime-patchwork","status":"publish","type":"product","link":"https:\/\/streetmarkets.fr\/app\/produit\/jupe-midi-imprime-patchwork\/","title":{"rendered":"JUPE MIDI IMPRIM\u00c9 PATCHWORK"},"content":{"rendered":"<p>Jupe midi \u00e9vas\u00e9e \u00e0 imprim\u00e9 patchwork en tissu durable LENZING\u2122 ECOVERO\u2122. Taille mi-haute \u00e9lastiqu\u00e9e. Poches lat\u00e9rales. Le mannequin mesure 173 cm et porte une taille S.<\/p>\n<p>COMPOSITION: 100% Viscose (LENZING\u2122 ECOVERO\u2122).<\/p>\n","protected":false},"excerpt":{"rendered":"<p>Jupe midi \u00e9vas\u00e9e \u00e0 imprim\u00e9 patchwork en tissu durable LENZING\u2122 ECOVERO\u2122. Taille mi-haute \u00e9lastiqu\u00e9e. Poches lat\u00e9rales. Le mannequin mesure 173 cm et porte une taille S. COMPOSITION: 100% Viscose (LENZING\u2122 ECOVERO\u2122).<\/p>\n","protected":false},"featured_media":718947,"comment_status":"open","ping_status":"closed","template":"","meta":[],"product_brand":[],"product_cat":[1756,1758],"product_tag":[],"acf":[],"_links":{"self":[{"href":"https:\/\/streetmarkets.fr\/app\/wp-json\/wp\/v2\/product\/718946"}],"collection":[{"href":"https:\/\/streetmarkets.fr\/app\/wp-json\/wp\/v2\/product"}],"about":[{"href":"https:\/\/streetmarkets.fr\/app\/wp-json\/wp\/v2\/types\/product"}],"replies":[{"embeddable":true,"href":"https:\/\/streetmarkets.fr\/app\/wp-json\/wp\/v2\/comments?post=718946"}],"wp:featuredmedia":[{"embeddable":true,"href":"https:\/\/streetmarkets.fr\/app\/wp-json\/wp\/v2\/media\/718947"}],"wp:attachment":[{"href":"https:\/\/streetmarkets.fr\/app\/wp-json\/wp\/v2\/media?parent=718946"}],"wp:term":[{"taxonomy":"product_brand","embeddable":true,"href":"https:\/\/streetmarkets.fr\/app\/wp-json\/wp\/v2\/product_brand?post=718946"},{"taxonomy":"product_cat","embeddable":true,"href":"https:\/\/streetmarkets.fr\/app\/wp-json\/wp\/v2\/product_cat?post=718946"},{"taxonomy":"product_tag","embeddable":true,"href":"https:\/\/streetmarkets.fr\/app\/wp-json\/wp\/v2\/product_tag?post=718946"}],"curies":[{"name":"wp","href":"https:\/\/api.w.org\/{rel}","templated":true}]}}