{"id":718578,"date":"2024-10-15T18:15:09","date_gmt":"2024-10-15T16:15:09","guid":{"rendered":"https:\/\/streetmarkets.fr\/app\/produit\/maison-hotel-sigrid-dress-bright-sky\/"},"modified":"2024-10-15T18:15:38","modified_gmt":"2024-10-15T16:15:38","slug":"maison-hotel-sigrid-dress-bright-sky","status":"publish","type":"product","link":"https:\/\/streetmarkets.fr\/app\/produit\/maison-hotel-sigrid-dress-bright-sky\/","title":{"rendered":"Maison Hotel &#8211; Sigrid Dress- Bright Sky"},"content":{"rendered":"<p>La robe Sigrid en Bright Sky.<\/p>\n<p>&nbsp;<\/p>\n<p>Notre robe Sigrid est un m\u00e9lange envo\u00fbtant de tons terreux tourbillonnant ensemble comme de la fum\u00e9e au cr\u00e9puscule. Confectionn\u00e9e en viscose qui flotte au gr\u00e9 de la brise, elle est con\u00e7ue pour draper votre silhouette avec une \u00e9l\u00e9gance sans effort. La palette subtile et att\u00e9nu\u00e9e \u00e9voque les for\u00eats automnales et les aubes brumeuses, cr\u00e9ant un look \u00e0 la fois terre-\u00e0-terre et \u00e9th\u00e9r\u00e9.<\/p>\n<p>&nbsp;<\/p>\n<p>Associ\u00e9 \u00e0 des bijoux et accessoires vintage, cet ensemble se transforme en un r\u00eave boh\u00e8me o\u00f9 la sophistication rencontre la nature sauvage.<\/p>\n<p>&#8211; 100% Viscose.<\/p>\n","protected":false},"excerpt":{"rendered":"<p>La robe Sigrid en Bright Sky. &nbsp; Notre robe Sigrid est un m\u00e9lange envo\u00fbtant de tons terreux tourbillonnant ensemble comme de la fum\u00e9e au cr\u00e9puscule. Confectionn\u00e9e en viscose qui flotte au gr\u00e9 de la brise, elle est con\u00e7ue pour draper votre silhouette avec une \u00e9l\u00e9gance sans effort. La palette subtile et att\u00e9nu\u00e9e \u00e9voque les for\u00eats [&hellip;]<\/p>\n","protected":false},"featured_media":718579,"comment_status":"open","ping_status":"closed","template":"","meta":[],"product_brand":[7127],"product_cat":[1756,1762],"product_tag":[],"acf":[],"_links":{"self":[{"href":"https:\/\/streetmarkets.fr\/app\/wp-json\/wp\/v2\/product\/718578"}],"collection":[{"href":"https:\/\/streetmarkets.fr\/app\/wp-json\/wp\/v2\/product"}],"about":[{"href":"https:\/\/streetmarkets.fr\/app\/wp-json\/wp\/v2\/types\/product"}],"replies":[{"embeddable":true,"href":"https:\/\/streetmarkets.fr\/app\/wp-json\/wp\/v2\/comments?post=718578"}],"wp:featuredmedia":[{"embeddable":true,"href":"https:\/\/streetmarkets.fr\/app\/wp-json\/wp\/v2\/media\/718579"}],"wp:attachment":[{"href":"https:\/\/streetmarkets.fr\/app\/wp-json\/wp\/v2\/media?parent=718578"}],"wp:term":[{"taxonomy":"product_brand","embeddable":true,"href":"https:\/\/streetmarkets.fr\/app\/wp-json\/wp\/v2\/product_brand?post=718578"},{"taxonomy":"product_cat","embeddable":true,"href":"https:\/\/streetmarkets.fr\/app\/wp-json\/wp\/v2\/product_cat?post=718578"},{"taxonomy":"product_tag","embeddable":true,"href":"https:\/\/streetmarkets.fr\/app\/wp-json\/wp\/v2\/product_tag?post=718578"}],"curies":[{"name":"wp","href":"https:\/\/api.w.org\/{rel}","templated":true}]}}