{"id":718383,"date":"2024-10-15T18:14:59","date_gmt":"2024-10-15T16:14:59","guid":{"rendered":"https:\/\/streetmarkets.fr\/app\/produit\/maison-hotel-vilma-robe-topacio-bleu\/"},"modified":"2024-10-15T18:15:37","modified_gmt":"2024-10-15T16:15:37","slug":"maison-hotel-vilma-robe-topacio-bleu","status":"publish","type":"product","link":"https:\/\/streetmarkets.fr\/app\/produit\/maison-hotel-vilma-robe-topacio-bleu\/","title":{"rendered":"Maison Hotel &#8211; Vilma robe &#8211; topacio bleu"},"content":{"rendered":"<p>La robe Vilma en bleu Topacio.<\/p>\n<p>&nbsp;<\/p>\n<p>Notre robe \u00e0 bretelles r\u00e9glables Vilma sera un classique instantan\u00e9 de l&#8217;\u00e9t\u00e9.<\/p>\n<p>&nbsp;<\/p>\n<p>Coup\u00e9e dans un tissu en coton lurex unique, la robe \u00e0 bretelles pr\u00e9sente une poitrine smock\u00e9e et demi-boutonn\u00e9e, permettant de multiples combinaisons.<\/p>\n<p>&nbsp;<\/p>\n<p>Composition<\/p>\n<p>&#8211; 100% Viscose.<\/p>\n<p>&nbsp;<\/p>\n","protected":false},"excerpt":{"rendered":"<p>La robe Vilma en bleu Topacio. &nbsp; Notre robe \u00e0 bretelles r\u00e9glables Vilma sera un classique instantan\u00e9 de l&#8217;\u00e9t\u00e9. &nbsp; Coup\u00e9e dans un tissu en coton lurex unique, la robe \u00e0 bretelles pr\u00e9sente une poitrine smock\u00e9e et demi-boutonn\u00e9e, permettant de multiples combinaisons. &nbsp; Composition &#8211; 100% Viscose. &nbsp;<\/p>\n","protected":false},"featured_media":718384,"comment_status":"open","ping_status":"closed","template":"","meta":[],"product_brand":[],"product_cat":[1756,1762],"product_tag":[],"acf":[],"_links":{"self":[{"href":"https:\/\/streetmarkets.fr\/app\/wp-json\/wp\/v2\/product\/718383"}],"collection":[{"href":"https:\/\/streetmarkets.fr\/app\/wp-json\/wp\/v2\/product"}],"about":[{"href":"https:\/\/streetmarkets.fr\/app\/wp-json\/wp\/v2\/types\/product"}],"replies":[{"embeddable":true,"href":"https:\/\/streetmarkets.fr\/app\/wp-json\/wp\/v2\/comments?post=718383"}],"wp:featuredmedia":[{"embeddable":true,"href":"https:\/\/streetmarkets.fr\/app\/wp-json\/wp\/v2\/media\/718384"}],"wp:attachment":[{"href":"https:\/\/streetmarkets.fr\/app\/wp-json\/wp\/v2\/media?parent=718383"}],"wp:term":[{"taxonomy":"product_brand","embeddable":true,"href":"https:\/\/streetmarkets.fr\/app\/wp-json\/wp\/v2\/product_brand?post=718383"},{"taxonomy":"product_cat","embeddable":true,"href":"https:\/\/streetmarkets.fr\/app\/wp-json\/wp\/v2\/product_cat?post=718383"},{"taxonomy":"product_tag","embeddable":true,"href":"https:\/\/streetmarkets.fr\/app\/wp-json\/wp\/v2\/product_tag?post=718383"}],"curies":[{"name":"wp","href":"https:\/\/api.w.org\/{rel}","templated":true}]}}