{"id":718317,"date":"2024-10-15T18:14:56","date_gmt":"2024-10-15T16:14:56","guid":{"rendered":"https:\/\/streetmarkets.fr\/app\/produit\/robe-odette-ecru\/"},"modified":"2024-10-15T18:15:36","modified_gmt":"2024-10-15T16:15:36","slug":"robe-odette-ecru","status":"publish","type":"product","link":"https:\/\/streetmarkets.fr\/app\/produit\/robe-odette-ecru\/","title":{"rendered":"Robe ODETTE ECRU"},"content":{"rendered":"<p>COMPOSITION:<\/p>\n<p>100% coton&nbsp;<\/p>\n<p>Fabriqu\u00e9 \u00e0 la main au p\u00e9rou&nbsp;<\/p>\n<p>Lavage \u00e0 sec ou \u00e0 la main&nbsp;<\/p>\n","protected":false},"excerpt":{"rendered":"<p>COMPOSITION: 100% coton&nbsp; Fabriqu\u00e9 \u00e0 la main au p\u00e9rou&nbsp; Lavage \u00e0 sec ou \u00e0 la main&nbsp;<\/p>\n","protected":false},"featured_media":718318,"comment_status":"open","ping_status":"closed","template":"","meta":[],"product_brand":[],"product_cat":[1756,1762],"product_tag":[],"acf":[],"_links":{"self":[{"href":"https:\/\/streetmarkets.fr\/app\/wp-json\/wp\/v2\/product\/718317"}],"collection":[{"href":"https:\/\/streetmarkets.fr\/app\/wp-json\/wp\/v2\/product"}],"about":[{"href":"https:\/\/streetmarkets.fr\/app\/wp-json\/wp\/v2\/types\/product"}],"replies":[{"embeddable":true,"href":"https:\/\/streetmarkets.fr\/app\/wp-json\/wp\/v2\/comments?post=718317"}],"wp:featuredmedia":[{"embeddable":true,"href":"https:\/\/streetmarkets.fr\/app\/wp-json\/wp\/v2\/media\/718318"}],"wp:attachment":[{"href":"https:\/\/streetmarkets.fr\/app\/wp-json\/wp\/v2\/media?parent=718317"}],"wp:term":[{"taxonomy":"product_brand","embeddable":true,"href":"https:\/\/streetmarkets.fr\/app\/wp-json\/wp\/v2\/product_brand?post=718317"},{"taxonomy":"product_cat","embeddable":true,"href":"https:\/\/streetmarkets.fr\/app\/wp-json\/wp\/v2\/product_cat?post=718317"},{"taxonomy":"product_tag","embeddable":true,"href":"https:\/\/streetmarkets.fr\/app\/wp-json\/wp\/v2\/product_tag?post=718317"}],"curies":[{"name":"wp","href":"https:\/\/api.w.org\/{rel}","templated":true}]}}