{"id":718184,"date":"2024-10-15T18:14:51","date_gmt":"2024-10-15T16:14:51","guid":{"rendered":"https:\/\/streetmarkets.fr\/app\/produit\/compania-fantastica-pull-en-tricot-pelucheux-a-rayures-violettes\/"},"modified":"2024-10-15T18:15:35","modified_gmt":"2024-10-15T16:15:35","slug":"compania-fantastica-pull-en-tricot-pelucheux-a-rayures-violettes","status":"publish","type":"product","link":"https:\/\/streetmarkets.fr\/app\/produit\/compania-fantastica-pull-en-tricot-pelucheux-a-rayures-violettes\/","title":{"rendered":"COMPANIA FANTASTICA &#8211; Pull en tricot pelucheux \u00e0 rayures violettes"},"content":{"rendered":"<p>Pull en maille duveteuse \u00e0 rayures violettes et roses. Avec un col rond et des manches longues. D\u00e9tail de fente lat\u00e9rale. Le mannequin mesure 176 cm et porte une taille S.<\/p>\n<p>43C\/10310<\/p>\n<p>100% Acrylic<\/p>\n","protected":false},"excerpt":{"rendered":"<p>Pull en maille duveteuse \u00e0 rayures violettes et roses. Avec un col rond et des manches longues. D\u00e9tail de fente lat\u00e9rale. Le mannequin mesure 176 cm et porte une taille S. 43C\/10310 100% Acrylic<\/p>\n","protected":false},"featured_media":718185,"comment_status":"open","ping_status":"closed","template":"","meta":[],"product_brand":[],"product_cat":[1756,1762],"product_tag":[],"acf":[],"_links":{"self":[{"href":"https:\/\/streetmarkets.fr\/app\/wp-json\/wp\/v2\/product\/718184"}],"collection":[{"href":"https:\/\/streetmarkets.fr\/app\/wp-json\/wp\/v2\/product"}],"about":[{"href":"https:\/\/streetmarkets.fr\/app\/wp-json\/wp\/v2\/types\/product"}],"replies":[{"embeddable":true,"href":"https:\/\/streetmarkets.fr\/app\/wp-json\/wp\/v2\/comments?post=718184"}],"wp:featuredmedia":[{"embeddable":true,"href":"https:\/\/streetmarkets.fr\/app\/wp-json\/wp\/v2\/media\/718185"}],"wp:attachment":[{"href":"https:\/\/streetmarkets.fr\/app\/wp-json\/wp\/v2\/media?parent=718184"}],"wp:term":[{"taxonomy":"product_brand","embeddable":true,"href":"https:\/\/streetmarkets.fr\/app\/wp-json\/wp\/v2\/product_brand?post=718184"},{"taxonomy":"product_cat","embeddable":true,"href":"https:\/\/streetmarkets.fr\/app\/wp-json\/wp\/v2\/product_cat?post=718184"},{"taxonomy":"product_tag","embeddable":true,"href":"https:\/\/streetmarkets.fr\/app\/wp-json\/wp\/v2\/product_tag?post=718184"}],"curies":[{"name":"wp","href":"https:\/\/api.w.org\/{rel}","templated":true}]}}