{"id":717940,"date":"2024-10-15T18:14:42","date_gmt":"2024-10-15T16:14:42","guid":{"rendered":"https:\/\/streetmarkets.fr\/app\/produit\/compania-fantastica-pull-col-polo-raye-marron\/"},"modified":"2024-10-15T18:15:33","modified_gmt":"2024-10-15T16:15:33","slug":"compania-fantastica-pull-col-polo-raye-marron","status":"publish","type":"product","link":"https:\/\/streetmarkets.fr\/app\/produit\/compania-fantastica-pull-col-polo-raye-marron\/","title":{"rendered":"COMPANIA FANTASTICA &#8211; Pull col polo ray\u00e9 marron"},"content":{"rendered":"<p>Pull coupe droite \u00e0 imprim\u00e9 ray\u00e9 rouge et marron. Avec col polo et manches longues aux \u00e9paules l\u00e9g\u00e8rement tombantes. D\u00e9tail de finitions c\u00f4tel\u00e9es. Le mannequin mesure 176 cm et porte une taille S.<\/p>\n<p>43C\/10220\/2S0<\/p>\n<p>50% Polyester<\/p>\n<p>50%Acrylique<\/p>\n","protected":false},"excerpt":{"rendered":"<p>Pull coupe droite \u00e0 imprim\u00e9 ray\u00e9 rouge et marron. Avec col polo et manches longues aux \u00e9paules l\u00e9g\u00e8rement tombantes. D\u00e9tail de finitions c\u00f4tel\u00e9es. Le mannequin mesure 176 cm et porte une taille S. 43C\/10220\/2S0 50% Polyester 50%Acrylique<\/p>\n","protected":false},"featured_media":717942,"comment_status":"open","ping_status":"closed","template":"","meta":[],"product_brand":[],"product_cat":[1756,1762],"product_tag":[],"acf":[],"_links":{"self":[{"href":"https:\/\/streetmarkets.fr\/app\/wp-json\/wp\/v2\/product\/717940"}],"collection":[{"href":"https:\/\/streetmarkets.fr\/app\/wp-json\/wp\/v2\/product"}],"about":[{"href":"https:\/\/streetmarkets.fr\/app\/wp-json\/wp\/v2\/types\/product"}],"replies":[{"embeddable":true,"href":"https:\/\/streetmarkets.fr\/app\/wp-json\/wp\/v2\/comments?post=717940"}],"wp:featuredmedia":[{"embeddable":true,"href":"https:\/\/streetmarkets.fr\/app\/wp-json\/wp\/v2\/media\/717942"}],"wp:attachment":[{"href":"https:\/\/streetmarkets.fr\/app\/wp-json\/wp\/v2\/media?parent=717940"}],"wp:term":[{"taxonomy":"product_brand","embeddable":true,"href":"https:\/\/streetmarkets.fr\/app\/wp-json\/wp\/v2\/product_brand?post=717940"},{"taxonomy":"product_cat","embeddable":true,"href":"https:\/\/streetmarkets.fr\/app\/wp-json\/wp\/v2\/product_cat?post=717940"},{"taxonomy":"product_tag","embeddable":true,"href":"https:\/\/streetmarkets.fr\/app\/wp-json\/wp\/v2\/product_tag?post=717940"}],"curies":[{"name":"wp","href":"https:\/\/api.w.org\/{rel}","templated":true}]}}