{"id":717923,"date":"2024-10-15T18:14:17","date_gmt":"2024-10-15T16:14:17","guid":{"rendered":"https:\/\/streetmarkets.fr\/app\/produit\/compania-fantastica-pull-en-tricot-a-rayures-rouges\/"},"modified":"2024-10-15T18:14:41","modified_gmt":"2024-10-15T16:14:41","slug":"compania-fantastica-pull-en-tricot-a-rayures-rouges","status":"publish","type":"product","link":"https:\/\/streetmarkets.fr\/app\/produit\/compania-fantastica-pull-en-tricot-a-rayures-rouges\/","title":{"rendered":"COMPANIA FANTASTICA &#8211; Pull en tricot \u00e0 rayures rouges"},"content":{"rendered":"<p>Pull en maille avec imprim\u00e9 ray\u00e9 noir, rouge et rose. Avec col rond et manches longues. D\u00e9tail de finitions c\u00f4tel\u00e9es. Le mannequin mesure 175 cm et porte une taille S.<\/p>\n<p>43C\/10240\/2S0<\/p>\n<p>100% Acrylique<\/p>\n","protected":false},"excerpt":{"rendered":"<p>Pull en maille avec imprim\u00e9 ray\u00e9 noir, rouge et rose. Avec col rond et manches longues. D\u00e9tail de finitions c\u00f4tel\u00e9es. Le mannequin mesure 175 cm et porte une taille S. 43C\/10240\/2S0 100% Acrylique<\/p>\n","protected":false},"featured_media":717924,"comment_status":"open","ping_status":"closed","template":"","meta":[],"product_brand":[],"product_cat":[1756,1762],"product_tag":[],"acf":[],"_links":{"self":[{"href":"https:\/\/streetmarkets.fr\/app\/wp-json\/wp\/v2\/product\/717923"}],"collection":[{"href":"https:\/\/streetmarkets.fr\/app\/wp-json\/wp\/v2\/product"}],"about":[{"href":"https:\/\/streetmarkets.fr\/app\/wp-json\/wp\/v2\/types\/product"}],"replies":[{"embeddable":true,"href":"https:\/\/streetmarkets.fr\/app\/wp-json\/wp\/v2\/comments?post=717923"}],"wp:featuredmedia":[{"embeddable":true,"href":"https:\/\/streetmarkets.fr\/app\/wp-json\/wp\/v2\/media\/717924"}],"wp:attachment":[{"href":"https:\/\/streetmarkets.fr\/app\/wp-json\/wp\/v2\/media?parent=717923"}],"wp:term":[{"taxonomy":"product_brand","embeddable":true,"href":"https:\/\/streetmarkets.fr\/app\/wp-json\/wp\/v2\/product_brand?post=717923"},{"taxonomy":"product_cat","embeddable":true,"href":"https:\/\/streetmarkets.fr\/app\/wp-json\/wp\/v2\/product_cat?post=717923"},{"taxonomy":"product_tag","embeddable":true,"href":"https:\/\/streetmarkets.fr\/app\/wp-json\/wp\/v2\/product_tag?post=717923"}],"curies":[{"name":"wp","href":"https:\/\/api.w.org\/{rel}","templated":true}]}}