{"id":717916,"date":"2024-10-15T18:14:17","date_gmt":"2024-10-15T16:14:17","guid":{"rendered":"https:\/\/streetmarkets.fr\/app\/produit\/compania-fantastica-cardigan-avec-detail-coeur-noir\/"},"modified":"2024-10-15T18:14:41","modified_gmt":"2024-10-15T16:14:41","slug":"compania-fantastica-cardigan-avec-detail-coeur-noir","status":"publish","type":"product","link":"https:\/\/streetmarkets.fr\/app\/produit\/compania-fantastica-cardigan-avec-detail-coeur-noir\/","title":{"rendered":"COMPANIA FANTASTICA &#8211; Cardigan avec d\u00e9tail coeur noir"},"content":{"rendered":"<p>Cardigan en maille noire. Avec un col rond et des manches longues. Fermeture sur le devant avec des boutons multicolores en forme de c\u0153ur et un d\u00e9tail de bordure c\u00f4tel\u00e9e. Le mannequin mesure 176 cm et porte la taille<\/p>\n<p>43C\/10222\/2S0<\/p>\n<p>50% Polyester<\/p>\n<p>50%Acrylique<\/p>\n","protected":false},"excerpt":{"rendered":"<p>Cardigan en maille noire. Avec un col rond et des manches longues. Fermeture sur le devant avec des boutons multicolores en forme de c\u0153ur et un d\u00e9tail de bordure c\u00f4tel\u00e9e. Le mannequin mesure 176 cm et porte la taille 43C\/10222\/2S0 50% Polyester 50%Acrylique<\/p>\n","protected":false},"featured_media":717917,"comment_status":"open","ping_status":"closed","template":"","meta":[],"product_brand":[],"product_cat":[1756,1762],"product_tag":[],"acf":[],"_links":{"self":[{"href":"https:\/\/streetmarkets.fr\/app\/wp-json\/wp\/v2\/product\/717916"}],"collection":[{"href":"https:\/\/streetmarkets.fr\/app\/wp-json\/wp\/v2\/product"}],"about":[{"href":"https:\/\/streetmarkets.fr\/app\/wp-json\/wp\/v2\/types\/product"}],"replies":[{"embeddable":true,"href":"https:\/\/streetmarkets.fr\/app\/wp-json\/wp\/v2\/comments?post=717916"}],"wp:featuredmedia":[{"embeddable":true,"href":"https:\/\/streetmarkets.fr\/app\/wp-json\/wp\/v2\/media\/717917"}],"wp:attachment":[{"href":"https:\/\/streetmarkets.fr\/app\/wp-json\/wp\/v2\/media?parent=717916"}],"wp:term":[{"taxonomy":"product_brand","embeddable":true,"href":"https:\/\/streetmarkets.fr\/app\/wp-json\/wp\/v2\/product_brand?post=717916"},{"taxonomy":"product_cat","embeddable":true,"href":"https:\/\/streetmarkets.fr\/app\/wp-json\/wp\/v2\/product_cat?post=717916"},{"taxonomy":"product_tag","embeddable":true,"href":"https:\/\/streetmarkets.fr\/app\/wp-json\/wp\/v2\/product_tag?post=717916"}],"curies":[{"name":"wp","href":"https:\/\/api.w.org\/{rel}","templated":true}]}}