{"id":717899,"date":"2024-10-15T18:14:15","date_gmt":"2024-10-15T16:14:15","guid":{"rendered":"https:\/\/streetmarkets.fr\/app\/produit\/compania-fantastica-pull-imprime-chat\/"},"modified":"2024-10-15T18:14:40","modified_gmt":"2024-10-15T16:14:40","slug":"compania-fantastica-pull-imprime-chat","status":"publish","type":"product","link":"https:\/\/streetmarkets.fr\/app\/produit\/compania-fantastica-pull-imprime-chat\/","title":{"rendered":"COMPANIA FANTASTICA &#8211; Pull imprim\u00e9 chat"},"content":{"rendered":"<p>Pull en maille jacquard bleu marine avec imprim\u00e9 graphique chat rose. Avec col rond et manches longues. D\u00e9tail de finitions c\u00f4tel\u00e9es. Le mannequin mesure 176 cm et porte une taille S.<\/p>\n<p>43C\/10239\/2S0<\/p>\n","protected":false},"excerpt":{"rendered":"<p>Pull en maille jacquard bleu marine avec imprim\u00e9 graphique chat rose. Avec col rond et manches longues. D\u00e9tail de finitions c\u00f4tel\u00e9es. Le mannequin mesure 176 cm et porte une taille S. 43C\/10239\/2S0<\/p>\n","protected":false},"featured_media":717900,"comment_status":"open","ping_status":"closed","template":"","meta":[],"product_brand":[],"product_cat":[1756,1762],"product_tag":[],"acf":[],"_links":{"self":[{"href":"https:\/\/streetmarkets.fr\/app\/wp-json\/wp\/v2\/product\/717899"}],"collection":[{"href":"https:\/\/streetmarkets.fr\/app\/wp-json\/wp\/v2\/product"}],"about":[{"href":"https:\/\/streetmarkets.fr\/app\/wp-json\/wp\/v2\/types\/product"}],"replies":[{"embeddable":true,"href":"https:\/\/streetmarkets.fr\/app\/wp-json\/wp\/v2\/comments?post=717899"}],"wp:featuredmedia":[{"embeddable":true,"href":"https:\/\/streetmarkets.fr\/app\/wp-json\/wp\/v2\/media\/717900"}],"wp:attachment":[{"href":"https:\/\/streetmarkets.fr\/app\/wp-json\/wp\/v2\/media?parent=717899"}],"wp:term":[{"taxonomy":"product_brand","embeddable":true,"href":"https:\/\/streetmarkets.fr\/app\/wp-json\/wp\/v2\/product_brand?post=717899"},{"taxonomy":"product_cat","embeddable":true,"href":"https:\/\/streetmarkets.fr\/app\/wp-json\/wp\/v2\/product_cat?post=717899"},{"taxonomy":"product_tag","embeddable":true,"href":"https:\/\/streetmarkets.fr\/app\/wp-json\/wp\/v2\/product_tag?post=717899"}],"curies":[{"name":"wp","href":"https:\/\/api.w.org\/{rel}","templated":true}]}}