{"id":717894,"date":"2024-10-15T18:14:15","date_gmt":"2024-10-15T16:14:15","guid":{"rendered":"https:\/\/streetmarkets.fr\/app\/produit\/orfeo-pull-sans-manches-mirta-ciel\/"},"modified":"2024-10-15T18:14:40","modified_gmt":"2024-10-15T16:14:40","slug":"orfeo-pull-sans-manches-mirta-ciel","status":"publish","type":"product","link":"https:\/\/streetmarkets.fr\/app\/produit\/orfeo-pull-sans-manches-mirta-ciel\/","title":{"rendered":"ORFEO &#8211; Pull sans manches Mirta Ciel"},"content":{"rendered":"<p>Pull sans manches avec col rond, coupe d\u00e9contract\u00e9e, \u00e9paules, col et taille c\u00f4tel\u00e9e.<\/p>\n<p>33% Mohair<\/p>\n<p>33% Wool<\/p>\n<p>28% Nylon<\/p>\n<p>6% Spandex<\/p>\n<p>&nbsp;<\/p>\n","protected":false},"excerpt":{"rendered":"<p>Pull sans manches avec col rond, coupe d\u00e9contract\u00e9e, \u00e9paules, col et taille c\u00f4tel\u00e9e. 33% Mohair 33% Wool 28% Nylon 6% Spandex &nbsp;<\/p>\n","protected":false},"featured_media":717895,"comment_status":"open","ping_status":"closed","template":"","meta":[],"product_brand":[],"product_cat":[1756,1762],"product_tag":[],"acf":[],"_links":{"self":[{"href":"https:\/\/streetmarkets.fr\/app\/wp-json\/wp\/v2\/product\/717894"}],"collection":[{"href":"https:\/\/streetmarkets.fr\/app\/wp-json\/wp\/v2\/product"}],"about":[{"href":"https:\/\/streetmarkets.fr\/app\/wp-json\/wp\/v2\/types\/product"}],"replies":[{"embeddable":true,"href":"https:\/\/streetmarkets.fr\/app\/wp-json\/wp\/v2\/comments?post=717894"}],"wp:featuredmedia":[{"embeddable":true,"href":"https:\/\/streetmarkets.fr\/app\/wp-json\/wp\/v2\/media\/717895"}],"wp:attachment":[{"href":"https:\/\/streetmarkets.fr\/app\/wp-json\/wp\/v2\/media?parent=717894"}],"wp:term":[{"taxonomy":"product_brand","embeddable":true,"href":"https:\/\/streetmarkets.fr\/app\/wp-json\/wp\/v2\/product_brand?post=717894"},{"taxonomy":"product_cat","embeddable":true,"href":"https:\/\/streetmarkets.fr\/app\/wp-json\/wp\/v2\/product_cat?post=717894"},{"taxonomy":"product_tag","embeddable":true,"href":"https:\/\/streetmarkets.fr\/app\/wp-json\/wp\/v2\/product_tag?post=717894"}],"curies":[{"name":"wp","href":"https:\/\/api.w.org\/{rel}","templated":true}]}}