{"id":717673,"date":"2024-10-15T18:14:05","date_gmt":"2024-10-15T16:14:05","guid":{"rendered":"https:\/\/streetmarkets.fr\/app\/produit\/pins-blm\/"},"modified":"2026-04-13T01:11:21","modified_gmt":"2026-04-12T23:11:21","slug":"pins-blm","status":"publish","type":"product","link":"https:\/\/streetmarkets.fr\/app\/produit\/pins-blm\/","title":{"rendered":"Duo de Pin&#8217;s BLM"},"content":{"rendered":"<p>\u00a0<\/p>\n<h4><a href=\"\/collections\/all-the-ways-to-say\" title=\"Collection All The Ways To Say\"><strong>Collection\u00a0All The Ways To Say<\/strong><\/a><\/h4>\n<p><em>Black Lives Matter<\/em><\/p>\n<p><span><\/span>Pin&#8217;s en laiton dor\u00e9 et \u00e9maill\u00e9.<br \/><span><span class=\"goog-text-highlight\">17 mm x 18 mm pour chaque main.<\/span><\/span><\/p>\n","protected":false},"excerpt":{"rendered":"<p>\u00a0 Collection\u00a0All The Ways To Say Black Lives Matter Pin&#8217;s en laiton dor\u00e9 et \u00e9maill\u00e9.17 mm x 18 mm pour chaque main.<\/p>\n","protected":false},"featured_media":717674,"comment_status":"open","ping_status":"closed","template":"","meta":[],"product_brand":[],"product_cat":[1756,1764],"product_tag":[2244,1811,1813],"acf":[],"_links":{"self":[{"href":"https:\/\/streetmarkets.fr\/app\/wp-json\/wp\/v2\/product\/717673"}],"collection":[{"href":"https:\/\/streetmarkets.fr\/app\/wp-json\/wp\/v2\/product"}],"about":[{"href":"https:\/\/streetmarkets.fr\/app\/wp-json\/wp\/v2\/types\/product"}],"replies":[{"embeddable":true,"href":"https:\/\/streetmarkets.fr\/app\/wp-json\/wp\/v2\/comments?post=717673"}],"wp:featuredmedia":[{"embeddable":true,"href":"https:\/\/streetmarkets.fr\/app\/wp-json\/wp\/v2\/media\/717674"}],"wp:attachment":[{"href":"https:\/\/streetmarkets.fr\/app\/wp-json\/wp\/v2\/media?parent=717673"}],"wp:term":[{"taxonomy":"product_brand","embeddable":true,"href":"https:\/\/streetmarkets.fr\/app\/wp-json\/wp\/v2\/product_brand?post=717673"},{"taxonomy":"product_cat","embeddable":true,"href":"https:\/\/streetmarkets.fr\/app\/wp-json\/wp\/v2\/product_cat?post=717673"},{"taxonomy":"product_tag","embeddable":true,"href":"https:\/\/streetmarkets.fr\/app\/wp-json\/wp\/v2\/product_tag?post=717673"}],"curies":[{"name":"wp","href":"https:\/\/api.w.org\/{rel}","templated":true}]}}