{"id":717533,"date":"2024-10-15T18:13:58","date_gmt":"2024-10-15T16:13:58","guid":{"rendered":"https:\/\/streetmarkets.fr\/app\/produit\/pull-tricote-court-noir-avec-structure\/"},"modified":"2024-10-15T18:14:37","modified_gmt":"2024-10-15T16:14:37","slug":"pull-tricote-court-noir-avec-structure","status":"publish","type":"product","link":"https:\/\/streetmarkets.fr\/app\/produit\/pull-tricote-court-noir-avec-structure\/","title":{"rendered":"Pull tricot\u00e9 court noir avec structure"},"content":{"rendered":"<p>Jersey tricot\u00e9 court noir avec structure. Avec un col rond et des manches longues avec des \u00e9paules descendues. D\u00e9tail des finitions nervur\u00e9es. Le mannequin mesure 178 cm et porte une taille S.<\/p>\n<p>COMPOSTION: 50% Acrylic 50% Polyester.<\/p>\n","protected":false},"excerpt":{"rendered":"<p>Jersey tricot\u00e9 court noir avec structure. Avec un col rond et des manches longues avec des \u00e9paules descendues. D\u00e9tail des finitions nervur\u00e9es. Le mannequin mesure 178 cm et porte une taille S. COMPOSTION: 50% Acrylic 50% Polyester.<\/p>\n","protected":false},"featured_media":717534,"comment_status":"open","ping_status":"closed","template":"","meta":[],"product_brand":[],"product_cat":[1756,1762],"product_tag":[],"acf":[],"_links":{"self":[{"href":"https:\/\/streetmarkets.fr\/app\/wp-json\/wp\/v2\/product\/717533"}],"collection":[{"href":"https:\/\/streetmarkets.fr\/app\/wp-json\/wp\/v2\/product"}],"about":[{"href":"https:\/\/streetmarkets.fr\/app\/wp-json\/wp\/v2\/types\/product"}],"replies":[{"embeddable":true,"href":"https:\/\/streetmarkets.fr\/app\/wp-json\/wp\/v2\/comments?post=717533"}],"wp:featuredmedia":[{"embeddable":true,"href":"https:\/\/streetmarkets.fr\/app\/wp-json\/wp\/v2\/media\/717534"}],"wp:attachment":[{"href":"https:\/\/streetmarkets.fr\/app\/wp-json\/wp\/v2\/media?parent=717533"}],"wp:term":[{"taxonomy":"product_brand","embeddable":true,"href":"https:\/\/streetmarkets.fr\/app\/wp-json\/wp\/v2\/product_brand?post=717533"},{"taxonomy":"product_cat","embeddable":true,"href":"https:\/\/streetmarkets.fr\/app\/wp-json\/wp\/v2\/product_cat?post=717533"},{"taxonomy":"product_tag","embeddable":true,"href":"https:\/\/streetmarkets.fr\/app\/wp-json\/wp\/v2\/product_tag?post=717533"}],"curies":[{"name":"wp","href":"https:\/\/api.w.org\/{rel}","templated":true}]}}