{"id":717522,"date":"2024-10-15T18:13:57","date_gmt":"2024-10-15T16:13:57","guid":{"rendered":"https:\/\/streetmarkets.fr\/app\/produit\/maison-hotel-phoenix-blouse-lapis-lazuli\/"},"modified":"2024-10-15T18:14:37","modified_gmt":"2024-10-15T16:14:37","slug":"maison-hotel-phoenix-blouse-lapis-lazuli","status":"publish","type":"product","link":"https:\/\/streetmarkets.fr\/app\/produit\/maison-hotel-phoenix-blouse-lapis-lazuli\/","title":{"rendered":"Maison Hotel &#8211; Phoenix Blouse- Lapis Lazuli"},"content":{"rendered":"<p>Le chemisier Phoenix en lapis-lazuli.<\/p>\n<p>&nbsp;<\/p>\n<p>Le chemisier Phoenix capture la beaut\u00e9 \u00e9nigmatique de la pierre pr\u00e9cieuse lapis-lazuli, tissant ses bleus c\u00e9lestes profonds et ses taches dor\u00e9es dans un tissu aussi riche qu&#8217;il en a l&#8217;air. Ce chemisier est plus qu&#8217;un simple v\u00eatement ; c&#8217;est un clin d&#8217;\u0153il \u00e0 l&#8217;\u00e9l\u00e9gance ancienne avec une touche contemporaine.<\/p>\n<p>&nbsp;<\/p>\n<p>Les motifs en spirale complexes, rappelant le cosmos tourbillonnant, sont imprim\u00e9s sur une viscose l\u00e9g\u00e8re et fluide qui bouge avec vous, ajoutant une touche de myst\u00e8re \u00e0 votre ensemble. Avec sa coupe d\u00e9contract\u00e9e, son devant boutonn\u00e9 et ses poignets l\u00e9g\u00e8rement fronc\u00e9s, Phoenix allie charme vintage et c\u00f4t\u00e9 rebelle.<\/p>\n<p>&#8211; 100% Viscose.<\/p>\n<p>&#8211; Taille normalement &#8211; choisissez votre taille habituelle.<\/p>\n<p>&#8211; Si vous \u00eates entre deux tailles, choisissez la petite taille.<\/p>\n<p>&#8211; Le mannequin mesure 1,71 cm et porte une taille S.<\/p>\n<p>&#8211; Nous recommandons un lavage \u00e0 la main uniquement.<\/p>\n","protected":false},"excerpt":{"rendered":"<p>Le chemisier Phoenix en lapis-lazuli. &nbsp; Le chemisier Phoenix capture la beaut\u00e9 \u00e9nigmatique de la pierre pr\u00e9cieuse lapis-lazuli, tissant ses bleus c\u00e9lestes profonds et ses taches dor\u00e9es dans un tissu aussi riche qu&#8217;il en a l&#8217;air. Ce chemisier est plus qu&#8217;un simple v\u00eatement ; c&#8217;est un clin d&#8217;\u0153il \u00e0 l&#8217;\u00e9l\u00e9gance ancienne avec une touche contemporaine. [&hellip;]<\/p>\n","protected":false},"featured_media":717523,"comment_status":"open","ping_status":"closed","template":"","meta":[],"product_brand":[],"product_cat":[1756,1762],"product_tag":[],"acf":[],"_links":{"self":[{"href":"https:\/\/streetmarkets.fr\/app\/wp-json\/wp\/v2\/product\/717522"}],"collection":[{"href":"https:\/\/streetmarkets.fr\/app\/wp-json\/wp\/v2\/product"}],"about":[{"href":"https:\/\/streetmarkets.fr\/app\/wp-json\/wp\/v2\/types\/product"}],"replies":[{"embeddable":true,"href":"https:\/\/streetmarkets.fr\/app\/wp-json\/wp\/v2\/comments?post=717522"}],"wp:featuredmedia":[{"embeddable":true,"href":"https:\/\/streetmarkets.fr\/app\/wp-json\/wp\/v2\/media\/717523"}],"wp:attachment":[{"href":"https:\/\/streetmarkets.fr\/app\/wp-json\/wp\/v2\/media?parent=717522"}],"wp:term":[{"taxonomy":"product_brand","embeddable":true,"href":"https:\/\/streetmarkets.fr\/app\/wp-json\/wp\/v2\/product_brand?post=717522"},{"taxonomy":"product_cat","embeddable":true,"href":"https:\/\/streetmarkets.fr\/app\/wp-json\/wp\/v2\/product_cat?post=717522"},{"taxonomy":"product_tag","embeddable":true,"href":"https:\/\/streetmarkets.fr\/app\/wp-json\/wp\/v2\/product_tag?post=717522"}],"curies":[{"name":"wp","href":"https:\/\/api.w.org\/{rel}","templated":true}]}}