{"id":717485,"date":"2024-10-15T18:13:30","date_gmt":"2024-10-15T16:13:30","guid":{"rendered":"https:\/\/streetmarkets.fr\/app\/produit\/compania-fantastica-sweat-shirt-a-patchs-de-fleurs-noires\/"},"modified":"2024-10-15T18:13:54","modified_gmt":"2024-10-15T16:13:54","slug":"compania-fantastica-sweat-shirt-a-patchs-de-fleurs-noires","status":"publish","type":"product","link":"https:\/\/streetmarkets.fr\/app\/produit\/compania-fantastica-sweat-shirt-a-patchs-de-fleurs-noires\/","title":{"rendered":"COMPANIA FANTASTICA &#8211; Sweat-shirt \u00e0 patchs de fleurs noires"},"content":{"rendered":"<p>Sweat-shirt en peluche noir. Col rond et manches longues. D\u00e9tail patch en tissu \u00e9ponge bleu et orange en forme de fleur.<\/p>\n<p>COMPOSITION : 100% Coton<\/p>\n<p>43C\/12010<\/p>\n","protected":false},"excerpt":{"rendered":"<p>Sweat-shirt en peluche noir. Col rond et manches longues. D\u00e9tail patch en tissu \u00e9ponge bleu et orange en forme de fleur. COMPOSITION : 100% Coton 43C\/12010<\/p>\n","protected":false},"featured_media":717486,"comment_status":"open","ping_status":"closed","template":"","meta":[],"product_brand":[],"product_cat":[1756,1758],"product_tag":[],"acf":[],"_links":{"self":[{"href":"https:\/\/streetmarkets.fr\/app\/wp-json\/wp\/v2\/product\/717485"}],"collection":[{"href":"https:\/\/streetmarkets.fr\/app\/wp-json\/wp\/v2\/product"}],"about":[{"href":"https:\/\/streetmarkets.fr\/app\/wp-json\/wp\/v2\/types\/product"}],"replies":[{"embeddable":true,"href":"https:\/\/streetmarkets.fr\/app\/wp-json\/wp\/v2\/comments?post=717485"}],"wp:featuredmedia":[{"embeddable":true,"href":"https:\/\/streetmarkets.fr\/app\/wp-json\/wp\/v2\/media\/717486"}],"wp:attachment":[{"href":"https:\/\/streetmarkets.fr\/app\/wp-json\/wp\/v2\/media?parent=717485"}],"wp:term":[{"taxonomy":"product_brand","embeddable":true,"href":"https:\/\/streetmarkets.fr\/app\/wp-json\/wp\/v2\/product_brand?post=717485"},{"taxonomy":"product_cat","embeddable":true,"href":"https:\/\/streetmarkets.fr\/app\/wp-json\/wp\/v2\/product_cat?post=717485"},{"taxonomy":"product_tag","embeddable":true,"href":"https:\/\/streetmarkets.fr\/app\/wp-json\/wp\/v2\/product_tag?post=717485"}],"curies":[{"name":"wp","href":"https:\/\/api.w.org\/{rel}","templated":true}]}}