{"id":717468,"date":"2024-10-15T18:13:29","date_gmt":"2024-10-15T16:13:29","guid":{"rendered":"https:\/\/streetmarkets.fr\/app\/produit\/compania-fantastica-sweat-beige-imprime-fleches\/"},"modified":"2024-10-15T18:13:54","modified_gmt":"2024-10-15T16:13:54","slug":"compania-fantastica-sweat-beige-imprime-fleches","status":"publish","type":"product","link":"https:\/\/streetmarkets.fr\/app\/produit\/compania-fantastica-sweat-beige-imprime-fleches\/","title":{"rendered":"COMPANIA FANTASTICA &#8211; Sweat beige imprim\u00e9 fl\u00e8ches"},"content":{"rendered":"<p>Sweat-shirt en peluche beige \u00e0 imprim\u00e9 champignon rouge et noir. Avec un col rond et des manches longues. D\u00e9tail de finitions c\u00f4tel\u00e9es \u00e9lastiques.<\/p>\n<p>44C\/4210<\/p>\n<p>COMPOSITION : 100% Coton.<\/p>\n","protected":false},"excerpt":{"rendered":"<p>Sweat-shirt en peluche beige \u00e0 imprim\u00e9 champignon rouge et noir. Avec un col rond et des manches longues. D\u00e9tail de finitions c\u00f4tel\u00e9es \u00e9lastiques. 44C\/4210 COMPOSITION : 100% Coton.<\/p>\n","protected":false},"featured_media":717469,"comment_status":"open","ping_status":"closed","template":"","meta":[],"product_brand":[],"product_cat":[1756,1758],"product_tag":[],"acf":[],"_links":{"self":[{"href":"https:\/\/streetmarkets.fr\/app\/wp-json\/wp\/v2\/product\/717468"}],"collection":[{"href":"https:\/\/streetmarkets.fr\/app\/wp-json\/wp\/v2\/product"}],"about":[{"href":"https:\/\/streetmarkets.fr\/app\/wp-json\/wp\/v2\/types\/product"}],"replies":[{"embeddable":true,"href":"https:\/\/streetmarkets.fr\/app\/wp-json\/wp\/v2\/comments?post=717468"}],"wp:featuredmedia":[{"embeddable":true,"href":"https:\/\/streetmarkets.fr\/app\/wp-json\/wp\/v2\/media\/717469"}],"wp:attachment":[{"href":"https:\/\/streetmarkets.fr\/app\/wp-json\/wp\/v2\/media?parent=717468"}],"wp:term":[{"taxonomy":"product_brand","embeddable":true,"href":"https:\/\/streetmarkets.fr\/app\/wp-json\/wp\/v2\/product_brand?post=717468"},{"taxonomy":"product_cat","embeddable":true,"href":"https:\/\/streetmarkets.fr\/app\/wp-json\/wp\/v2\/product_cat?post=717468"},{"taxonomy":"product_tag","embeddable":true,"href":"https:\/\/streetmarkets.fr\/app\/wp-json\/wp\/v2\/product_tag?post=717468"}],"curies":[{"name":"wp","href":"https:\/\/api.w.org\/{rel}","templated":true}]}}