{"id":717429,"date":"2024-10-15T18:13:26","date_gmt":"2024-10-15T16:13:26","guid":{"rendered":"https:\/\/streetmarkets.fr\/app\/produit\/maison-hotel-freddie-vest-misty-blue\/"},"modified":"2024-10-15T18:13:54","modified_gmt":"2024-10-15T16:13:54","slug":"maison-hotel-freddie-vest-misty-blue","status":"publish","type":"product","link":"https:\/\/streetmarkets.fr\/app\/produit\/maison-hotel-freddie-vest-misty-blue\/","title":{"rendered":"Maison Hotel &#8211; Freddie Vest &#8211; Misty Blue"},"content":{"rendered":"<p>Le gilet Freddie en bleu brumeux.<\/p>\n<p>&nbsp;<\/p>\n<p>Ce gilet n&#8217;est pas seulement une couche suppl\u00e9mentaire ; c&#8217;est une \u0153uvre d&#8217;art artisanale qui vous enveloppe d&#8217;un luxe subtil. Le coton matelass\u00e9 est \u00e0 la fois doux et structur\u00e9, cr\u00e9ant une texture unique agr\u00e9able \u00e0 porter.<\/p>\n<p>&nbsp;<\/p>\n<p>Des broderies florales complexes se tissent sur la surface, ponctu\u00e9es d&#8217;accents rouges audacieux qui attirent le regard, ajoutant une touche de charme inattendu.<\/p>\n<p>&nbsp;<\/p>\n<p>Associ\u00e9 au pantalon Pepa Himalaya, vous obtenez une tenue qui allie sans effort le confort \u00e0 une esth\u00e9tique saisissante et artistique.<\/p>\n<p>&#8211; 100% Cotton.<\/p>\n","protected":false},"excerpt":{"rendered":"<p>Le gilet Freddie en bleu brumeux. &nbsp; Ce gilet n&#8217;est pas seulement une couche suppl\u00e9mentaire ; c&#8217;est une \u0153uvre d&#8217;art artisanale qui vous enveloppe d&#8217;un luxe subtil. Le coton matelass\u00e9 est \u00e0 la fois doux et structur\u00e9, cr\u00e9ant une texture unique agr\u00e9able \u00e0 porter. &nbsp; Des broderies florales complexes se tissent sur la surface, ponctu\u00e9es [&hellip;]<\/p>\n","protected":false},"featured_media":717431,"comment_status":"open","ping_status":"closed","template":"","meta":[],"product_brand":[],"product_cat":[1756,1758],"product_tag":[2244],"acf":[],"_links":{"self":[{"href":"https:\/\/streetmarkets.fr\/app\/wp-json\/wp\/v2\/product\/717429"}],"collection":[{"href":"https:\/\/streetmarkets.fr\/app\/wp-json\/wp\/v2\/product"}],"about":[{"href":"https:\/\/streetmarkets.fr\/app\/wp-json\/wp\/v2\/types\/product"}],"replies":[{"embeddable":true,"href":"https:\/\/streetmarkets.fr\/app\/wp-json\/wp\/v2\/comments?post=717429"}],"wp:featuredmedia":[{"embeddable":true,"href":"https:\/\/streetmarkets.fr\/app\/wp-json\/wp\/v2\/media\/717431"}],"wp:attachment":[{"href":"https:\/\/streetmarkets.fr\/app\/wp-json\/wp\/v2\/media?parent=717429"}],"wp:term":[{"taxonomy":"product_brand","embeddable":true,"href":"https:\/\/streetmarkets.fr\/app\/wp-json\/wp\/v2\/product_brand?post=717429"},{"taxonomy":"product_cat","embeddable":true,"href":"https:\/\/streetmarkets.fr\/app\/wp-json\/wp\/v2\/product_cat?post=717429"},{"taxonomy":"product_tag","embeddable":true,"href":"https:\/\/streetmarkets.fr\/app\/wp-json\/wp\/v2\/product_tag?post=717429"}],"curies":[{"name":"wp","href":"https:\/\/api.w.org\/{rel}","templated":true}]}}