{"id":717407,"date":"2024-10-15T18:13:25","date_gmt":"2024-10-15T16:13:25","guid":{"rendered":"https:\/\/streetmarkets.fr\/app\/produit\/maison-hotel-audrey-blouse-denim-romance\/"},"modified":"2024-10-15T18:13:54","modified_gmt":"2024-10-15T16:13:54","slug":"maison-hotel-audrey-blouse-denim-romance","status":"publish","type":"product","link":"https:\/\/streetmarkets.fr\/app\/produit\/maison-hotel-audrey-blouse-denim-romance\/","title":{"rendered":"Maison Hotel &#8211; Audrey Blouse &#8211; Denim Romance"},"content":{"rendered":"<p>Description<\/p>\n<p>D\u00e9tails<\/p>\n<p>Exp\u00e9dition<\/p>\n<p>Le chemisier Audrey en denim romantique.<\/p>\n<p>&nbsp;<\/p>\n<p>Confectionn\u00e9 en denim de coton doux, le chemisier pr\u00e9sente des empi\u00e8cements en dentelle d\u00e9licats, un combo ficelle-pompon-pompon et, surtout, une broderie g\u00e9om\u00e9trique monochrome saisissante mais subtile sur les manches, l&#8217;encolure et les poignets.<\/p>\n<p>&nbsp;<\/p>\n<p>Nous sommes de grands fans du \u00ab bleu sur bleu \u00bb cette saison et avons associ\u00e9 le chemisier Audrey \u00e0 notre pantalon en denim Ross et \u00e0 des bijoux vintage bling.<\/p>\n<p>&#8211; 100% Cotton<\/p>\n","protected":false},"excerpt":{"rendered":"<p>Description D\u00e9tails Exp\u00e9dition Le chemisier Audrey en denim romantique. &nbsp; Confectionn\u00e9 en denim de coton doux, le chemisier pr\u00e9sente des empi\u00e8cements en dentelle d\u00e9licats, un combo ficelle-pompon-pompon et, surtout, une broderie g\u00e9om\u00e9trique monochrome saisissante mais subtile sur les manches, l&#8217;encolure et les poignets. &nbsp; Nous sommes de grands fans du \u00ab bleu sur bleu \u00bb [&hellip;]<\/p>\n","protected":false},"featured_media":717409,"comment_status":"open","ping_status":"closed","template":"","meta":[],"product_brand":[],"product_cat":[1756,1758],"product_tag":[2244],"acf":[],"_links":{"self":[{"href":"https:\/\/streetmarkets.fr\/app\/wp-json\/wp\/v2\/product\/717407"}],"collection":[{"href":"https:\/\/streetmarkets.fr\/app\/wp-json\/wp\/v2\/product"}],"about":[{"href":"https:\/\/streetmarkets.fr\/app\/wp-json\/wp\/v2\/types\/product"}],"replies":[{"embeddable":true,"href":"https:\/\/streetmarkets.fr\/app\/wp-json\/wp\/v2\/comments?post=717407"}],"wp:featuredmedia":[{"embeddable":true,"href":"https:\/\/streetmarkets.fr\/app\/wp-json\/wp\/v2\/media\/717409"}],"wp:attachment":[{"href":"https:\/\/streetmarkets.fr\/app\/wp-json\/wp\/v2\/media?parent=717407"}],"wp:term":[{"taxonomy":"product_brand","embeddable":true,"href":"https:\/\/streetmarkets.fr\/app\/wp-json\/wp\/v2\/product_brand?post=717407"},{"taxonomy":"product_cat","embeddable":true,"href":"https:\/\/streetmarkets.fr\/app\/wp-json\/wp\/v2\/product_cat?post=717407"},{"taxonomy":"product_tag","embeddable":true,"href":"https:\/\/streetmarkets.fr\/app\/wp-json\/wp\/v2\/product_tag?post=717407"}],"curies":[{"name":"wp","href":"https:\/\/api.w.org\/{rel}","templated":true}]}}