{"id":717333,"date":"2024-10-15T18:13:21","date_gmt":"2024-10-15T16:13:21","guid":{"rendered":"https:\/\/streetmarkets.fr\/app\/produit\/maison-hotel-fleur-blouse-geranium-charcoal\/"},"modified":"2024-10-15T18:13:53","modified_gmt":"2024-10-15T16:13:53","slug":"maison-hotel-fleur-blouse-geranium-charcoal","status":"publish","type":"product","link":"https:\/\/streetmarkets.fr\/app\/produit\/maison-hotel-fleur-blouse-geranium-charcoal\/","title":{"rendered":"Maison Hotel &#8211; Fleur Blouse &#8211; Geranium Charcoal"},"content":{"rendered":"<p>Le chemisier Fleur en anthracite g\u00e9ranium.<\/p>\n<p>&nbsp;<\/p>\n<p>Confectionn\u00e9 dans le coton le plus fin, la broderie florale rouge complexe du chemisier est m\u00e9ticuleusement plac\u00e9e pour cr\u00e9er un contraste saisissant avec le tissu anthracite profond. Les d\u00e9tails fronc\u00e9s sur les \u00e9paules et le long des manches ajoutent une couche de profondeur et de texture, soulignant le savoir-faire qui se cache derri\u00e8re chaque centim\u00e8tre. Les fronces douces aux poignets et les plis pr\u00e9cis le long de l&#8217;encolure offrent une finition sur mesure, assurant une silhouette flatteuse sans compromettre le confort.<\/p>\n<p>&#8211; 100% Cotton.<\/p>\n<p>&nbsp;<\/p>\n<p>Associ\u00e9 au pantalon Jack et \u00e0 la ceinture noire Gaucho.<\/p>\n","protected":false},"excerpt":{"rendered":"<p>Le chemisier Fleur en anthracite g\u00e9ranium. &nbsp; Confectionn\u00e9 dans le coton le plus fin, la broderie florale rouge complexe du chemisier est m\u00e9ticuleusement plac\u00e9e pour cr\u00e9er un contraste saisissant avec le tissu anthracite profond. Les d\u00e9tails fronc\u00e9s sur les \u00e9paules et le long des manches ajoutent une couche de profondeur et de texture, soulignant le [&hellip;]<\/p>\n","protected":false},"featured_media":717335,"comment_status":"open","ping_status":"closed","template":"","meta":[],"product_brand":[],"product_cat":[1756,1758],"product_tag":[2244],"acf":[],"_links":{"self":[{"href":"https:\/\/streetmarkets.fr\/app\/wp-json\/wp\/v2\/product\/717333"}],"collection":[{"href":"https:\/\/streetmarkets.fr\/app\/wp-json\/wp\/v2\/product"}],"about":[{"href":"https:\/\/streetmarkets.fr\/app\/wp-json\/wp\/v2\/types\/product"}],"replies":[{"embeddable":true,"href":"https:\/\/streetmarkets.fr\/app\/wp-json\/wp\/v2\/comments?post=717333"}],"wp:featuredmedia":[{"embeddable":true,"href":"https:\/\/streetmarkets.fr\/app\/wp-json\/wp\/v2\/media\/717335"}],"wp:attachment":[{"href":"https:\/\/streetmarkets.fr\/app\/wp-json\/wp\/v2\/media?parent=717333"}],"wp:term":[{"taxonomy":"product_brand","embeddable":true,"href":"https:\/\/streetmarkets.fr\/app\/wp-json\/wp\/v2\/product_brand?post=717333"},{"taxonomy":"product_cat","embeddable":true,"href":"https:\/\/streetmarkets.fr\/app\/wp-json\/wp\/v2\/product_cat?post=717333"},{"taxonomy":"product_tag","embeddable":true,"href":"https:\/\/streetmarkets.fr\/app\/wp-json\/wp\/v2\/product_tag?post=717333"}],"curies":[{"name":"wp","href":"https:\/\/api.w.org\/{rel}","templated":true}]}}