{"id":717300,"date":"2024-10-15T18:13:20","date_gmt":"2024-10-15T16:13:20","guid":{"rendered":"https:\/\/streetmarkets.fr\/app\/produit\/maison-hotel-mia-blouse-night-blue\/"},"modified":"2024-10-15T18:13:53","modified_gmt":"2024-10-15T16:13:53","slug":"maison-hotel-mia-blouse-night-blue","status":"publish","type":"product","link":"https:\/\/streetmarkets.fr\/app\/produit\/maison-hotel-mia-blouse-night-blue\/","title":{"rendered":"Maison Hotel &#8211; Mia Blouse &#8211; Night Blue"},"content":{"rendered":"<p>Le chemisier Mia en bleu nuit.<\/p>\n<p>&nbsp;<\/p>\n<p>Ce chemisier est dot\u00e9 d&#8217;un v\u00e9ritable tie-dye fabriqu\u00e9 au Rajasthan. Le processus artisanal garantit que chaque chemisier est une pi\u00e8ce unique, incarnant l&#8217;esprit d&#8217;individualit\u00e9. Fabriqu\u00e9 \u00e0 partir d&#8217;un coton l\u00e9ger et textur\u00e9 entrelac\u00e9 de fils m\u00e9talliques subtils, ce chemisier capture la lumi\u00e8re \u00e0 chaque mouvement, ajoutant une touche de brillance \u00e0 sa palette par ailleurs sombre.<\/p>\n<p>&nbsp;<\/p>\n<p>La coupe d\u00e9contract\u00e9e, associ\u00e9e \u00e0 des manches bouffantes qui se froncent aux poignets, d\u00e9gage un air de sophistication sans effort, tandis que le d\u00e9collet\u00e9 en V profond ajoute juste ce qu&#8217;il faut de style.<\/p>\n<p>&#8211; 100% Cotton.<\/p>\n","protected":false},"excerpt":{"rendered":"<p>Le chemisier Mia en bleu nuit. &nbsp; Ce chemisier est dot\u00e9 d&#8217;un v\u00e9ritable tie-dye fabriqu\u00e9 au Rajasthan. Le processus artisanal garantit que chaque chemisier est une pi\u00e8ce unique, incarnant l&#8217;esprit d&#8217;individualit\u00e9. Fabriqu\u00e9 \u00e0 partir d&#8217;un coton l\u00e9ger et textur\u00e9 entrelac\u00e9 de fils m\u00e9talliques subtils, ce chemisier capture la lumi\u00e8re \u00e0 chaque mouvement, ajoutant une touche [&hellip;]<\/p>\n","protected":false},"featured_media":717301,"comment_status":"open","ping_status":"closed","template":"","meta":[],"product_brand":[],"product_cat":[1756,1758],"product_tag":[2244],"acf":[],"_links":{"self":[{"href":"https:\/\/streetmarkets.fr\/app\/wp-json\/wp\/v2\/product\/717300"}],"collection":[{"href":"https:\/\/streetmarkets.fr\/app\/wp-json\/wp\/v2\/product"}],"about":[{"href":"https:\/\/streetmarkets.fr\/app\/wp-json\/wp\/v2\/types\/product"}],"replies":[{"embeddable":true,"href":"https:\/\/streetmarkets.fr\/app\/wp-json\/wp\/v2\/comments?post=717300"}],"wp:featuredmedia":[{"embeddable":true,"href":"https:\/\/streetmarkets.fr\/app\/wp-json\/wp\/v2\/media\/717301"}],"wp:attachment":[{"href":"https:\/\/streetmarkets.fr\/app\/wp-json\/wp\/v2\/media?parent=717300"}],"wp:term":[{"taxonomy":"product_brand","embeddable":true,"href":"https:\/\/streetmarkets.fr\/app\/wp-json\/wp\/v2\/product_brand?post=717300"},{"taxonomy":"product_cat","embeddable":true,"href":"https:\/\/streetmarkets.fr\/app\/wp-json\/wp\/v2\/product_cat?post=717300"},{"taxonomy":"product_tag","embeddable":true,"href":"https:\/\/streetmarkets.fr\/app\/wp-json\/wp\/v2\/product_tag?post=717300"}],"curies":[{"name":"wp","href":"https:\/\/api.w.org\/{rel}","templated":true}]}}