{"id":717278,"date":"2024-10-15T18:13:19","date_gmt":"2024-10-15T16:13:19","guid":{"rendered":"https:\/\/streetmarkets.fr\/app\/produit\/maison-hotel-audrey-blouse-celo-finito\/"},"modified":"2024-10-15T18:13:53","modified_gmt":"2024-10-15T16:13:53","slug":"maison-hotel-audrey-blouse-celo-finito","status":"publish","type":"product","link":"https:\/\/streetmarkets.fr\/app\/produit\/maison-hotel-audrey-blouse-celo-finito\/","title":{"rendered":"Maison Hotel &#8211; Audrey Blouse &#8211; Celo Finito"},"content":{"rendered":"<p>Le chemisier Audrey en Celo Finito.<\/p>\n<p>&nbsp;<\/p>\n<p>Le chemisier Celo Finito n&#8217;est pas l\u00e0 pour jouer la carte de la s\u00e9curit\u00e9. Confectionn\u00e9 dans un coton fluide de la plus haute qualit\u00e9, ce chemisier attire l&#8217;attention avec sa broderie aux tons olive vifs qui s&#8217;enroule autour des manches et tombe en cascade sur le devant. Les d\u00e9tails raffin\u00e9s sont tout sauf subtils, mettant en valeur un m\u00e9lange de motifs g\u00e9om\u00e9triques et d&#8217;inspiration tribale qui apportent une touche f\u00e9roce au tissu d\u00e9licat.<\/p>\n<p>&#8211; 100% Cotton.<\/p>\n","protected":false},"excerpt":{"rendered":"<p>Le chemisier Audrey en Celo Finito. &nbsp; Le chemisier Celo Finito n&#8217;est pas l\u00e0 pour jouer la carte de la s\u00e9curit\u00e9. Confectionn\u00e9 dans un coton fluide de la plus haute qualit\u00e9, ce chemisier attire l&#8217;attention avec sa broderie aux tons olive vifs qui s&#8217;enroule autour des manches et tombe en cascade sur le devant. Les [&hellip;]<\/p>\n","protected":false},"featured_media":717279,"comment_status":"open","ping_status":"closed","template":"","meta":[],"product_brand":[],"product_cat":[1756,1758],"product_tag":[2244],"acf":[],"_links":{"self":[{"href":"https:\/\/streetmarkets.fr\/app\/wp-json\/wp\/v2\/product\/717278"}],"collection":[{"href":"https:\/\/streetmarkets.fr\/app\/wp-json\/wp\/v2\/product"}],"about":[{"href":"https:\/\/streetmarkets.fr\/app\/wp-json\/wp\/v2\/types\/product"}],"replies":[{"embeddable":true,"href":"https:\/\/streetmarkets.fr\/app\/wp-json\/wp\/v2\/comments?post=717278"}],"wp:featuredmedia":[{"embeddable":true,"href":"https:\/\/streetmarkets.fr\/app\/wp-json\/wp\/v2\/media\/717279"}],"wp:attachment":[{"href":"https:\/\/streetmarkets.fr\/app\/wp-json\/wp\/v2\/media?parent=717278"}],"wp:term":[{"taxonomy":"product_brand","embeddable":true,"href":"https:\/\/streetmarkets.fr\/app\/wp-json\/wp\/v2\/product_brand?post=717278"},{"taxonomy":"product_cat","embeddable":true,"href":"https:\/\/streetmarkets.fr\/app\/wp-json\/wp\/v2\/product_cat?post=717278"},{"taxonomy":"product_tag","embeddable":true,"href":"https:\/\/streetmarkets.fr\/app\/wp-json\/wp\/v2\/product_tag?post=717278"}],"curies":[{"name":"wp","href":"https:\/\/api.w.org\/{rel}","templated":true}]}}