{"id":717177,"date":"2024-10-15T18:13:14","date_gmt":"2024-10-15T16:13:14","guid":{"rendered":"https:\/\/streetmarkets.fr\/app\/produit\/maison-hotel-chemise-aksel-bright-sky\/"},"modified":"2024-10-15T18:13:52","modified_gmt":"2024-10-15T16:13:52","slug":"maison-hotel-chemise-aksel-bright-sky","status":"publish","type":"product","link":"https:\/\/streetmarkets.fr\/app\/produit\/maison-hotel-chemise-aksel-bright-sky\/","title":{"rendered":"Maison Hotel &#8211; Chemise AKSEL &#8211; Bright sky"},"content":{"rendered":"<p>Le chemisier Aksel en Bright Sky.<\/p>\n<p>&nbsp;<\/p>\n<p>La viscose s&#8217;\u00e9coule avec une aisance rebelle, drap\u00e9e avec une nonchalance sensuelle qui en dit plus avec un murmure que la plupart des gens avec un cri. Les manches \u00e0 revers ajoutent une touche sur mesure.<\/p>\n<p>100% Viscose<\/p>\n","protected":false},"excerpt":{"rendered":"<p>Le chemisier Aksel en Bright Sky. &nbsp; La viscose s&#8217;\u00e9coule avec une aisance rebelle, drap\u00e9e avec une nonchalance sensuelle qui en dit plus avec un murmure que la plupart des gens avec un cri. Les manches \u00e0 revers ajoutent une touche sur mesure. 100% Viscose<\/p>\n","protected":false},"featured_media":717178,"comment_status":"open","ping_status":"closed","template":"","meta":[],"product_brand":[],"product_cat":[1756,1758],"product_tag":[2244],"acf":[],"_links":{"self":[{"href":"https:\/\/streetmarkets.fr\/app\/wp-json\/wp\/v2\/product\/717177"}],"collection":[{"href":"https:\/\/streetmarkets.fr\/app\/wp-json\/wp\/v2\/product"}],"about":[{"href":"https:\/\/streetmarkets.fr\/app\/wp-json\/wp\/v2\/types\/product"}],"replies":[{"embeddable":true,"href":"https:\/\/streetmarkets.fr\/app\/wp-json\/wp\/v2\/comments?post=717177"}],"wp:featuredmedia":[{"embeddable":true,"href":"https:\/\/streetmarkets.fr\/app\/wp-json\/wp\/v2\/media\/717178"}],"wp:attachment":[{"href":"https:\/\/streetmarkets.fr\/app\/wp-json\/wp\/v2\/media?parent=717177"}],"wp:term":[{"taxonomy":"product_brand","embeddable":true,"href":"https:\/\/streetmarkets.fr\/app\/wp-json\/wp\/v2\/product_brand?post=717177"},{"taxonomy":"product_cat","embeddable":true,"href":"https:\/\/streetmarkets.fr\/app\/wp-json\/wp\/v2\/product_cat?post=717177"},{"taxonomy":"product_tag","embeddable":true,"href":"https:\/\/streetmarkets.fr\/app\/wp-json\/wp\/v2\/product_tag?post=717177"}],"curies":[{"name":"wp","href":"https:\/\/api.w.org\/{rel}","templated":true}]}}