{"id":717153,"date":"2024-10-15T18:13:13","date_gmt":"2024-10-15T16:13:13","guid":{"rendered":"https:\/\/streetmarkets.fr\/app\/produit\/compania-fantastica-chemise-a-imprime-floral-dewberry\/"},"modified":"2024-10-15T18:13:52","modified_gmt":"2024-10-15T16:13:52","slug":"compania-fantastica-chemise-a-imprime-floral-dewberry","status":"publish","type":"product","link":"https:\/\/streetmarkets.fr\/app\/produit\/compania-fantastica-chemise-a-imprime-floral-dewberry\/","title":{"rendered":"COMPANIA FANTASTICA &#8211; Chemise \u00e0 imprim\u00e9 floral Dewberry"},"content":{"rendered":"<p>Chemise en cr\u00eape de viscose \u00e0 imprim\u00e9 fleuri bleu, violet, rose, marron, jaune et blanc. Avec col \u00e0 revers et manches longues termin\u00e9es par des poignets. Fermeture boutonn\u00e9e sur le devant. Le mannequin mesure 176 cm et porte une taille S.<\/p>\n<p>43C\/11056\/1XS<\/p>\n","protected":false},"excerpt":{"rendered":"<p>Chemise en cr\u00eape de viscose \u00e0 imprim\u00e9 fleuri bleu, violet, rose, marron, jaune et blanc. Avec col \u00e0 revers et manches longues termin\u00e9es par des poignets. Fermeture boutonn\u00e9e sur le devant. Le mannequin mesure 176 cm et porte une taille S. 43C\/11056\/1XS<\/p>\n","protected":false},"featured_media":717154,"comment_status":"open","ping_status":"closed","template":"","meta":[],"product_brand":[],"product_cat":[1756,1758],"product_tag":[],"acf":[],"_links":{"self":[{"href":"https:\/\/streetmarkets.fr\/app\/wp-json\/wp\/v2\/product\/717153"}],"collection":[{"href":"https:\/\/streetmarkets.fr\/app\/wp-json\/wp\/v2\/product"}],"about":[{"href":"https:\/\/streetmarkets.fr\/app\/wp-json\/wp\/v2\/types\/product"}],"replies":[{"embeddable":true,"href":"https:\/\/streetmarkets.fr\/app\/wp-json\/wp\/v2\/comments?post=717153"}],"wp:featuredmedia":[{"embeddable":true,"href":"https:\/\/streetmarkets.fr\/app\/wp-json\/wp\/v2\/media\/717154"}],"wp:attachment":[{"href":"https:\/\/streetmarkets.fr\/app\/wp-json\/wp\/v2\/media?parent=717153"}],"wp:term":[{"taxonomy":"product_brand","embeddable":true,"href":"https:\/\/streetmarkets.fr\/app\/wp-json\/wp\/v2\/product_brand?post=717153"},{"taxonomy":"product_cat","embeddable":true,"href":"https:\/\/streetmarkets.fr\/app\/wp-json\/wp\/v2\/product_cat?post=717153"},{"taxonomy":"product_tag","embeddable":true,"href":"https:\/\/streetmarkets.fr\/app\/wp-json\/wp\/v2\/product_tag?post=717153"}],"curies":[{"name":"wp","href":"https:\/\/api.w.org\/{rel}","templated":true}]}}