{"id":717132,"date":"2024-10-15T18:13:11","date_gmt":"2024-10-15T16:13:11","guid":{"rendered":"https:\/\/streetmarkets.fr\/app\/produit\/maison-hotel-lily-blouse-hamlet-ivory\/"},"modified":"2024-10-15T18:13:52","modified_gmt":"2024-10-15T16:13:52","slug":"maison-hotel-lily-blouse-hamlet-ivory","status":"publish","type":"product","link":"https:\/\/streetmarkets.fr\/app\/produit\/maison-hotel-lily-blouse-hamlet-ivory\/","title":{"rendered":"Maison Hotel &#8211; Lily Blouse &#8211; Hamlet Ivory"},"content":{"rendered":"<p>Le chemisier Lily en ivoire Hamlet.<\/p>\n<p>&nbsp;<\/p>\n<p>Les photos ne rendent pas justice \u00e0 l&#8217;un de nos chemisiers romantiques pr\u00e9f\u00e9r\u00e9s de la saison. Confectionn\u00e9 en batiste de coton doux, le chemisier boutonn\u00e9 (cach\u00e9) pr\u00e9sente un volant schiffli tr\u00e8s d\u00e9licat sur le devant et l&#8217;encolure, des plis d\u00e9licats et des empi\u00e8cements en dentelle ainsi qu&#8217;une broderie florale ton sur ton tout autour.<\/p>\n<p>&#8211; 100% coton.<\/p>\n<p>&#8211; Taille normalement &#8211; choisissez votre taille habituelle.<\/p>\n<p>&#8211; Si vous \u00eates entre deux tailles, choisissez la petite taille.<\/p>\n<p>&#8211; Le mannequin mesure 1,71 cm et porte une taille S.<\/p>\n","protected":false},"excerpt":{"rendered":"<p>Le chemisier Lily en ivoire Hamlet. &nbsp; Les photos ne rendent pas justice \u00e0 l&#8217;un de nos chemisiers romantiques pr\u00e9f\u00e9r\u00e9s de la saison. Confectionn\u00e9 en batiste de coton doux, le chemisier boutonn\u00e9 (cach\u00e9) pr\u00e9sente un volant schiffli tr\u00e8s d\u00e9licat sur le devant et l&#8217;encolure, des plis d\u00e9licats et des empi\u00e8cements en dentelle ainsi qu&#8217;une broderie [&hellip;]<\/p>\n","protected":false},"featured_media":717133,"comment_status":"open","ping_status":"closed","template":"","meta":[],"product_brand":[],"product_cat":[1756,1758],"product_tag":[2244],"acf":[],"_links":{"self":[{"href":"https:\/\/streetmarkets.fr\/app\/wp-json\/wp\/v2\/product\/717132"}],"collection":[{"href":"https:\/\/streetmarkets.fr\/app\/wp-json\/wp\/v2\/product"}],"about":[{"href":"https:\/\/streetmarkets.fr\/app\/wp-json\/wp\/v2\/types\/product"}],"replies":[{"embeddable":true,"href":"https:\/\/streetmarkets.fr\/app\/wp-json\/wp\/v2\/comments?post=717132"}],"wp:featuredmedia":[{"embeddable":true,"href":"https:\/\/streetmarkets.fr\/app\/wp-json\/wp\/v2\/media\/717133"}],"wp:attachment":[{"href":"https:\/\/streetmarkets.fr\/app\/wp-json\/wp\/v2\/media?parent=717132"}],"wp:term":[{"taxonomy":"product_brand","embeddable":true,"href":"https:\/\/streetmarkets.fr\/app\/wp-json\/wp\/v2\/product_brand?post=717132"},{"taxonomy":"product_cat","embeddable":true,"href":"https:\/\/streetmarkets.fr\/app\/wp-json\/wp\/v2\/product_cat?post=717132"},{"taxonomy":"product_tag","embeddable":true,"href":"https:\/\/streetmarkets.fr\/app\/wp-json\/wp\/v2\/product_tag?post=717132"}],"curies":[{"name":"wp","href":"https:\/\/api.w.org\/{rel}","templated":true}]}}